{"id":3936,"date":"2021-01-19T21:51:30","date_gmt":"2021-01-19T20:51:30","guid":{"rendered":"http:\/\/www.renovapool.com\/impermeabilizacion-de-piscinas-con-revestech-dry120\/"},"modified":"2021-01-19T23:29:09","modified_gmt":"2021-01-19T22:29:09","slug":"impermeabilizacion-de-piscinas-con-revestech-dry120","status":"publish","type":"page","link":"https:\/\/www.renovapool.com\/de\/impermeabilizacion-de-piscinas-con-revestech-dry120\/","title":{"rendered":"REVESTECH Abdichtung"},"content":{"rendered":"<div class=\"fusion-fullwidth fullwidth-box fusion-builder-row-5 nonhundred-percent-fullwidth non-hundred-percent-height-scrolling\">\n<div class=\"fusion-builder-row fusion-row\">\n<div class=\"fusion-layout-column fusion_builder_column fusion-builder-column-6 fusion_builder_column_1_1 1_1 fusion-one-full fusion-column-first fusion-column-last\">\n<div class=\"fusion-column-wrapper fusion-flex-column-wrapper-legacy\">\n<div class=\"fusion-content-boxes content-boxes columns row fusion-columns-1 fusion-columns-total-1 fusion-content-boxes-1 content-boxes-icon-with-title content-left\" data-animationoffset=\"100%\">\n<div class=\"fusion-column content-box-column content-box-column content-box-column-1 col-lg-12 col-md-12 col-sm-12 fusion-content-box-hover content-box-column-last content-box-column-last-in-row\">\n<div class=\"col content-box-wrapper content-wrapper link-area-link-icon icon-hover-animation-fade\" data-animationoffset=\"100%\">\n<div class=\"content-container\"><\/div>\n<\/div>\n<\/div>\n<\/div>\n<\/div>\n<\/div>\n<\/div>\n<\/div>\n<div class=\"fusion-fullwidth fullwidth-box fusion-builder-row-7 nonhundred-percent-fullwidth non-hundred-percent-height-scrolling fusion-equal-height-columns\">\n<div class=\"fusion-builder-row fusion-row\">\n<div class=\"fusion-layout-column fusion_builder_column fusion-builder-column-9 fusion_builder_column_1_2 1_2 fusion-one-half fusion-column-last\">\n<div class=\"fusion-column-wrapper fusion-flex-column-wrapper-legacy\">\n<div class=\"accordian fusion-accordian\">\n<div id=\"accordion-1119-2\" class=\"panel-group\" role=\"tablist\">\n<div class=\"fusion-panel panel-default fusion-toggle-no-divider\" role=\"tabpanel\">\n<div class=\"panel-heading\">\n<div class=\"fusion-fullwidth fullwidth-box fusion-builder-row-10 nonhundred-percent-fullwidth non-hundred-percent-height-scrolling fusion-equal-height-columns\">\n<div class=\"fusion-builder-row fusion-row\">\n<div class=\"fusion-layout-column fusion_builder_column fusion-builder-column-12 fusion_builder_column_1_2 1_2 fusion-one-half fusion-column-first\">\n<div class=\"fusion-column-wrapper fusion-flex-column-wrapper-legacy\">\n<div class=\"fusion-content-boxes content-boxes columns row fusion-columns-1 fusion-columns-total-1 fusion-content-boxes-2 content-boxes-icon-with-title content-left\" data-animationoffset=\"100%\">\n<div class=\"fusion-column content-box-column content-box-column content-box-column-1 col-lg-12 col-md-12 col-sm-12 fusion-content-box-hover content-box-column-last content-box-column-last-in-row\">\n<div class=\"col content-box-wrapper content-wrapper link-area-link-icon icon-hover-animation-fade\" data-animationoffset=\"100%\">\n<div class=\"content-container\">\n<h3><strong>Schwimmbad Abdichtung mit REVESTECH<\/strong><\/h3>\n<\/div>\n<\/div>\n<\/div>\n<div class=\"fusion-clearfix\">\n<h3><strong>DRY120 Systemabdichtungsbahn f\u00fcr alle Arten von Schwimmbecken.<\/strong><\/h3>\n<p>Mehrschichtige Abdichtungsbahn, die speziell entwickelt wurde, um die vollst\u00e4ndige Wasserdichtigkeit des Schwimmbeckens sowohl beim Neubau als auch bei der Sanierung zu gew\u00e4hrleisten. Es l\u00f6st das Problem der Feuchtigkeit in allen Arten von Schwimmbecken durch die Installation, die mit dem Klebezement C2TE S1-S2 in einer d\u00fcnnen Schicht geklebt wird, ohne dass Werkzeuge oder spezielle Produkte ben\u00f6tigt werden.<\/p>\n<p><em>Typen:<\/em><\/p>\n<p>Baustellen-Pools<br \/>\nStahlbecken<br \/>\nPolystyrol-Pools<br \/>\nPolyester-Pools<br \/>\nSchwimmbecken mit antiken Fliesen<br \/>\nZisternen<br \/>\nWasserbeh\u00e4lter<\/p>\n<p>Durch seine Vielseitigkeit ist es in den meisten F\u00e4llen nicht notwendig, die vorhandene Fliese zu entfernen. Es erfordert weder eine aufw\u00e4ndige vorherige Vorbereitung des Untergrunds noch Werkzeuge oder Produkte, die normalerweise nicht auf der Baustelle vorhanden sind. Bietet eine komplette Abdichtung des Pools.<\/p>\n<p><strong>Vorteile des Systems<\/strong><\/p>\n<p>ungeerdet<br \/>\nKlebezementeinbau<br \/>\nkeine Wartezeit<br \/>\nverhindert Risse<br \/>\nMindestdicke<\/p>\n<p>flexible und elastische Folie<br \/>\nkritische Punkte behoben<br \/>\nvermeidet Leckagen durch Unterdruck<br \/>\nF\u00e4higkeit, Teilreparaturen durchzuf\u00fchren<br \/>\nintakte Bl\u00e4tter vor den Wetterbedingungen<br \/>\nhohe Entkopplung \/ Riss\u00fcberbr\u00fcckung<\/p>\n<p>VERHINDERN RISSE UND ABL\u00d6SUNGEN DER BESCHICHTUNG<br \/>\nDer Druck, den das Wasser auf die W\u00e4nde des Glases aus\u00fcbt, f\u00fchrt mit der Zeit zu Rissen. Die DRY120-Platte garantiert nicht nur absolute Wasserdichtigkeit, sondern verhindert auch, dass diese Druckbewegungen auf das Veredelungsmaterial \u00fcbertragen werden und dieses beeintr\u00e4chtigen, indem sie sich abl\u00f6sen<br \/>\nund Risse. Die Folie nimmt die typischen Bewegungen von Schwimmbecken auf und h\u00e4lt die Oberfl\u00e4che perfekt.<\/p>\n<\/div>\n<\/div>\n<div class=\"fusion-clearfix\"><\/div>\n<\/div>\n<\/div>\n<div class=\"fusion-layout-column fusion_builder_column fusion-builder-column-13 fusion_builder_column_1_2 1_2 fusion-one-half fusion-column-last\">\n<div class=\"fusion-column-wrapper fusion-flex-column-wrapper-legacy\">\n<div class=\"fusion-content-boxes content-boxes columns row fusion-columns-1 fusion-columns-total-1 fusion-content-boxes-3 content-boxes-icon-on-top content-left\" data-animationoffset=\"100%\">\n<div class=\"fusion-column content-box-column content-box-column content-box-column-1 col-lg-12 col-md-12 col-sm-12 fusion-content-box-hover content-box-column-last content-box-column-last-in-row\">\n<div class=\"col content-box-wrapper content-wrapper-background link-area-link-icon icon-hover-animation-fade\" data-animationoffset=\"100%\">\n<div class=\"heading heading-with-icon icon-left\">\n<div class=\"image\" aria-hidden=\"true\"><img loading=\"lazy\" decoding=\"async\" class=\" lazyloaded\" title=\"Impermeabilizaci\u00f3n de piscinas 1\" src=\"https:\/\/revestech.es\/wp-content\/uploads\/2019\/09\/crack.jpg\" alt=\"Impermeabilizaci\u00f3n de piscinas 5\" width=\"434\" height=\"211\" data-orig-src=\"https:\/\/revestech.es\/wp-content\/uploads\/2019\/09\/crack.jpg\" \/><\/div>\n<\/div>\n<\/div>\n<\/div>\n<div class=\"fusion-clearfix\"><\/div>\n<\/div>\n<\/div>\n<\/div>\n<\/div>\n<\/div>\n<div class=\"fusion-fullwidth fullwidth-box fusion-builder-row-12 nonhundred-percent-fullwidth non-hundred-percent-height-scrolling fusion-equal-height-columns\">\n<div class=\"fusion-builder-row fusion-row\">\n<div class=\"fusion-layout-column fusion_builder_column fusion-builder-column-15 fusion_builder_column_1_2 1_2 fusion-one-half fusion-column-first\">\n<div class=\"fusion-column-wrapper fusion-flex-column-wrapper-legacy\">\n<div class=\"fusion-content-boxes content-boxes columns row fusion-columns-1 fusion-columns-total-1 fusion-content-boxes-4 content-boxes-icon-with-title content-left\" data-animationoffset=\"100%\">\n<div class=\"fusion-clearfix\">\n<p><strong>Kompensation des Dampfdrucks im Becken<\/strong><\/p>\n<p>Speziell entwickelt, um die hinter der St\u00fctze entstehende Feuchtigkeit abzuleiten. Das Geotextil auf der R\u00fcckseite erm\u00f6glicht die Luftzirkulation zwischen dem alten Untergrund\/der alten Beschichtung und der DRY120-Folie, wodurch die Aush\u00e4rtung des Zementklebers durch die Evakuierung der Wasserdampfmolek\u00fcle erleichtert wird, wodurch das Auftreten von Blasen vermieden wird.<\/p>\n<\/div>\n<\/div>\n<div class=\"fusion-clearfix\"><\/div>\n<\/div>\n<\/div>\n<div class=\"fusion-layout-column fusion_builder_column fusion-builder-column-16 fusion_builder_column_1_2 1_2 fusion-one-half fusion-column-last\">\n<div class=\"fusion-column-wrapper fusion-flex-column-wrapper-legacy\">\n<div class=\"fusion-content-boxes content-boxes columns row fusion-columns-1 fusion-columns-total-1 fusion-content-boxes-5 content-boxes-icon-with-title content-left\" data-animationoffset=\"100%\">\n<div class=\"fusion-column content-box-column content-box-column content-box-column-1 col-lg-12 col-md-12 col-sm-12 fusion-content-box-hover content-box-column-last content-box-column-last-in-row\">\n<div class=\"col content-box-wrapper content-wrapper link-area-link-icon icon-hover-animation-fade\" data-animationoffset=\"100%\">\n<div class=\"heading heading-with-icon icon-left\">\n<div class=\"image\" aria-hidden=\"true\"><img loading=\"lazy\" decoding=\"async\" class=\" lazyloaded\" title=\"Impermeabilizaci\u00f3n de piscinas 2\" src=\"https:\/\/revestech.es\/wp-content\/uploads\/2019\/07\/vapor.jpg\" alt=\"Impermeabilizaci\u00f3n de piscinas 6\" width=\"454\" height=\"213\" data-orig-src=\"https:\/\/revestech.es\/wp-content\/uploads\/2019\/07\/vapor.jpg\" \/><\/div>\n<\/div>\n<\/div>\n<\/div>\n<\/div>\n<\/div>\n<\/div>\n<\/div>\n<\/div>\n<div class=\"fusion-fullwidth fullwidth-box fusion-builder-row-13 nonhundred-percent-fullwidth non-hundred-percent-height-scrolling fusion-equal-height-columns\">\n<div class=\"fusion-builder-row fusion-row\">\n<div class=\"fusion-layout-column fusion_builder_column fusion-builder-column-17 fusion_builder_column_1_1 1_1 fusion-one-full fusion-column-first fusion-column-last fusion-column-no-min-height\">\n<div class=\"fusion-column-wrapper fusion-flex-column-wrapper-legacy\">\n<div class=\"fusion-column-content-centered\">\n<div class=\"fusion-column-content\">\n<div class=\"fusion-title title fusion-title-6 fusion-sep-none fusion-title-text fusion-title-size-two fusion-border-below-title\"><\/div>\n<\/div>\n<\/div>\n<\/div>\n<\/div>\n<\/div>\n<\/div>\n<div class=\"fusion-fullwidth fullwidth-box fusion-builder-row-14 nonhundred-percent-fullwidth non-hundred-percent-height-scrolling fusion-equal-height-columns\">\n<div class=\"fusion-builder-row fusion-row\">\n<div class=\"fusion-layout-column fusion_builder_column fusion-builder-column-18 fusion_builder_column_1_2 1_2 fusion-one-half fusion-column-first\">\n<div class=\"fusion-column-wrapper fusion-flex-column-wrapper-legacy\">\n<div class=\"fusion-content-boxes content-boxes columns row fusion-columns-1 fusion-columns-total-1 fusion-content-boxes-6 content-boxes-icon-with-title content-left\" data-animationoffset=\"100%\">\n<div class=\"fusion-column content-box-column content-box-column content-box-column-1 col-lg-12 col-md-12 col-sm-12 fusion-content-box-hover content-box-column-last content-box-column-last-in-row\">\n<div class=\"col content-box-wrapper content-wrapper link-area-link-icon icon-hover-animation-fade\" data-animationoffset=\"100%\">\n<div class=\"content-container\">\n<p>&nbsp;<\/p>\n<\/div>\n<\/div>\n<\/div>\n<div class=\"fusion-clearfix\">\n<p><strong>best\u00e4ndig gegen niedrigen pH-Wert und Chloride<\/strong><\/p>\n<p>Unsere DRY120-Folie ist absolut resistent gegen saures Milieu (niedriger pH-Wert), Chlor und Salzwasserchlorung, erleidet im Laufe der Zeit keinen Abbau und gew\u00e4hrleistet so die perfekte Wasserdichtigkeit des gesamten Systems.<\/p>\n<\/div>\n<\/div>\n<div class=\"fusion-clearfix\"><\/div>\n<\/div>\n<\/div>\n<div class=\"fusion-layout-column fusion_builder_column fusion-builder-column-19 fusion_builder_column_1_2 1_2 fusion-one-half fusion-column-last\">\n<div class=\"fusion-column-wrapper fusion-flex-column-wrapper-legacy\">\n<div class=\"fusion-content-boxes content-boxes columns row fusion-columns-1 fusion-columns-total-1 fusion-content-boxes-7 content-boxes-icon-with-title content-left\" data-animationoffset=\"100%\">\n<div class=\"fusion-column content-box-column content-box-column content-box-column-1 col-lg-12 col-md-12 col-sm-12 fusion-content-box-hover content-box-column-last content-box-column-last-in-row\">\n<div class=\"col content-box-wrapper content-wrapper link-area-link-icon icon-hover-animation-fade\" data-animationoffset=\"100%\">\n<div class=\"heading heading-with-icon icon-left\">\n<div class=\"image\" aria-hidden=\"true\"><img loading=\"lazy\" decoding=\"async\" class=\" lazyloaded\" title=\"Impermeabilizaci\u00f3n de piscinas 3\" src=\"https:\/\/revestech.es\/wp-content\/uploads\/2019\/07\/ph.jpg\" alt=\"Impermeabilizaci\u00f3n de piscinas 7\" width=\"443\" height=\"201\" data-orig-src=\"https:\/\/revestech.es\/wp-content\/uploads\/2019\/07\/ph.jpg\" \/><\/div>\n<\/div>\n<\/div>\n<\/div>\n<div class=\"fusion-clearfix\"><\/div>\n<\/div>\n<div class=\"fusion-clearfix\"><\/div>\n<\/div>\n<\/div>\n<\/div>\n<\/div>\n<div class=\"fusion-fullwidth fullwidth-box fusion-builder-row-17 nonhundred-percent-fullwidth non-hundred-percent-height-scrolling fusion-equal-height-columns\">\n<div class=\"fusion-builder-row fusion-row\">\n<div class=\"fusion-clearfix\">\n<p><strong>konstruktive Details DRY120\u00a0<\/strong><\/p>\n<p><strong>Neukonstruktion<\/strong><\/p>\n<p>1. beschichten<\/p>\n<p>2.\u00a0Leimzement Klasse C2 TE S1-S2<\/p>\n<p>3.\u00a0Folie DRY120<\/p>\n<p>4.\u00a0PRIMERPOOL<\/p>\n<p>5.\u00a0SEALPLUS-Klebstoff<\/p>\n<p>6.\u00a0TROCKEN50 BANDA 13X30<\/p>\n<p>7.\u00a0Unterst\u00fctzung<\/p>\n<\/div>\n<div class=\"fusion-layout-column fusion_builder_column fusion-builder-column-23 fusion_builder_column_2_3 2_3 fusion-two-third fusion-column-last\">\n<div class=\"fusion-column-wrapper fusion-flex-column-wrapper-legacy\">\n<div class=\"fusion-column-content-centered\">\n<div class=\"fusion-column-content\"><span class=\" fusion-imageframe imageframe-none imageframe-1 hover-type-none\"><img loading=\"lazy\" decoding=\"async\" class=\"img-responsive wp-image-7717 lazyautosizes lazyloaded\" title=\"esquemaobranueva\" src=\"https:\/\/revestech.es\/wp-content\/uploads\/2019\/09\/esquemaobranueva.jpg\" sizes=\"auto, 439px\" srcset=\"https:\/\/revestech.es\/wp-content\/uploads\/2019\/09\/esquemaobranueva-200x49.jpg 200w, https:\/\/revestech.es\/wp-content\/uploads\/2019\/09\/esquemaobranueva-400x98.jpg 400w, https:\/\/revestech.es\/wp-content\/uploads\/2019\/09\/esquemaobranueva.jpg 439w\" alt=\"Impermeabilizaci\u00f3n de piscinas 8\" width=\"439\" height=\"108\" data-orig-src=\"https:\/\/revestech.es\/wp-content\/uploads\/2019\/09\/esquemaobranueva.jpg\" data-srcset=\"https:\/\/revestech.es\/wp-content\/uploads\/2019\/09\/esquemaobranueva-200x49.jpg 200w, https:\/\/revestech.es\/wp-content\/uploads\/2019\/09\/esquemaobranueva-400x98.jpg 400w, https:\/\/revestech.es\/wp-content\/uploads\/2019\/09\/esquemaobranueva.jpg 439w\" data-sizes=\"auto\" data-orig-sizes=\"(max-width: 1200px) 100vw, 439px\" \/><\/span><\/div>\n<\/div>\n<div class=\"fusion-clearfix\"><\/div>\n<\/div>\n<\/div>\n<\/div>\n<\/div>\n<div class=\"fusion-fullwidth fullwidth-box fusion-builder-row-18 nonhundred-percent-fullwidth non-hundred-percent-height-scrolling fusion-equal-height-columns\">\n<div class=\"fusion-builder-row fusion-row\">\n<div class=\"fusion-layout-column fusion_builder_column fusion-builder-column-24 fusion_builder_column_1_3 1_3 fusion-one-third fusion-column-first\">\n<div class=\"fusion-column-wrapper fusion-flex-column-wrapper-legacy\">\n<div class=\"fusion-column-content-centered\">\n<div class=\"fusion-column-content\"><\/div>\n<\/div>\n<div class=\"fusion-clearfix\"><\/div>\n<\/div>\n<\/div>\n<div class=\"fusion-layout-column fusion_builder_column fusion-builder-column-25 fusion_builder_column_2_3 2_3 fusion-two-third fusion-column-last\">\n<div class=\"fusion-column-wrapper fusion-flex-column-wrapper-legacy\">\n<div class=\"fusion-column-content-centered\">\n<div class=\"fusion-column-content\"><span class=\" fusion-imageframe imageframe-none imageframe-2 hover-type-none\"><a class=\"fusion-lightbox\" title=\"obranueva\" href=\"https:\/\/revestech.es\/wp-content\/uploads\/2019\/09\/obranueva-1.jpg\" data-rel=\"iLightbox[40f172f59ad2b18748b]\" data-title=\"obranueva\" data-caption=\"\"><img loading=\"lazy\" decoding=\"async\" class=\"img-responsive wp-image-7756 lazyautosizes lazyloaded\" title=\"Impermeabilizaci\u00f3n de piscinas 4\" src=\"https:\/\/revestech.es\/wp-content\/uploads\/2019\/09\/obranueva-1.jpg\" sizes=\"auto, 947px\" srcset=\"https:\/\/revestech.es\/wp-content\/uploads\/2019\/09\/obranueva-1-200x88.jpg 200w, https:\/\/revestech.es\/wp-content\/uploads\/2019\/09\/obranueva-1-400x176.jpg 400w, https:\/\/revestech.es\/wp-content\/uploads\/2019\/09\/obranueva-1-600x264.jpg 600w, https:\/\/revestech.es\/wp-content\/uploads\/2019\/09\/obranueva-1-800x352.jpg 800w, https:\/\/revestech.es\/wp-content\/uploads\/2019\/09\/obranueva-1.jpg 1196w\" alt=\"Impermeabilizaci\u00f3n de piscinas 9\" width=\"1196\" height=\"526\" data-orig-src=\"https:\/\/revestech.es\/wp-content\/uploads\/2019\/09\/obranueva-1.jpg\" data-srcset=\"https:\/\/revestech.es\/wp-content\/uploads\/2019\/09\/obranueva-1-200x88.jpg 200w, https:\/\/revestech.es\/wp-content\/uploads\/2019\/09\/obranueva-1-400x176.jpg 400w, https:\/\/revestech.es\/wp-content\/uploads\/2019\/09\/obranueva-1-600x264.jpg 600w, https:\/\/revestech.es\/wp-content\/uploads\/2019\/09\/obranueva-1-800x352.jpg 800w, https:\/\/revestech.es\/wp-content\/uploads\/2019\/09\/obranueva-1.jpg 1196w\" data-sizes=\"auto\" data-orig-sizes=\"(max-width: 1200px) 100vw, 1196px\" \/><\/a><\/span><\/div>\n<\/div>\n<div class=\"fusion-clearfix\"><\/div>\n<\/div>\n<\/div>\n<\/div>\n<\/div>\n<div class=\"fusion-fullwidth fullwidth-box fusion-builder-row-19 nonhundred-percent-fullwidth non-hundred-percent-height-scrolling fusion-equal-height-columns\">\n<div class=\"fusion-builder-row fusion-row\">\n<div class=\"fusion-layout-column fusion_builder_column fusion-builder-column-26 fusion_builder_column_1_1 1_1 fusion-one-full fusion-column-first fusion-column-last fusion-column-no-min-height\">\n<div class=\"fusion-column-wrapper fusion-flex-column-wrapper-legacy\">\n<div class=\"fusion-column-content-centered\">\n<div class=\"fusion-column-content\">\n<div class=\"fusion-title title fusion-title-9 fusion-sep-none fusion-title-text fusion-title-size-two fusion-border-below-title\"><\/div>\n<\/div>\n<\/div>\n<\/div>\n<\/div>\n<\/div>\n<\/div>\n<div class=\"fusion-fullwidth fullwidth-box fusion-builder-row-20 nonhundred-percent-fullwidth non-hundred-percent-height-scrolling fusion-equal-height-columns\">\n<div class=\"fusion-builder-row fusion-row\">\n<div class=\"fusion-layout-column fusion_builder_column fusion-builder-column-27 fusion_builder_column_1_3 1_3 fusion-one-third fusion-column-first\">\n<div class=\"fusion-column-wrapper fusion-flex-column-wrapper-legacy\">\n<div class=\"fusion-clearfix\">\n<p><strong>Rehabilitation<\/strong><\/p>\n<p>1. beschichten<\/p>\n<p>2.\u00a0Leimzement Klasse C2 TE S1-S2<\/p>\n<p>3.\u00a0Folie DRY120<\/p>\n<p>4.\u00a0PRIMERPOOL<\/p>\n<p>5.\u00a0SEALPLUS-Klebstoff<\/p>\n<p>6.\u00a0TROCKEN50 BANDA 13X30<\/p>\n<p>7.\u00a0Antike Beschichtung<\/p>\n<p>8.\u00a0Unterst\u00fctzung<\/p>\n<\/div>\n<\/div>\n<\/div>\n<div class=\"fusion-layout-column fusion_builder_column fusion-builder-column-28 fusion_builder_column_2_3 2_3 fusion-two-third fusion-column-last\">\n<div class=\"fusion-column-wrapper fusion-flex-column-wrapper-legacy\">\n<div class=\"fusion-column-content-centered\">\n<div class=\"fusion-column-content\"><span class=\" fusion-imageframe imageframe-none imageframe-3 hover-type-none\"><img loading=\"lazy\" decoding=\"async\" class=\"img-responsive wp-image-7714 lazyautosizes lazyloaded\" title=\"esquema\" src=\"https:\/\/revestech.es\/wp-content\/uploads\/2019\/09\/esquema.jpg\" sizes=\"auto, 441px\" srcset=\"https:\/\/revestech.es\/wp-content\/uploads\/2019\/09\/esquema-200x56.jpg 200w, https:\/\/revestech.es\/wp-content\/uploads\/2019\/09\/esquema-400x112.jpg 400w, https:\/\/revestech.es\/wp-content\/uploads\/2019\/09\/esquema.jpg 441w\" alt=\"Impermeabilizaci\u00f3n de piscinas 10\" width=\"441\" height=\"124\" data-orig-src=\"https:\/\/revestech.es\/wp-content\/uploads\/2019\/09\/esquema.jpg\" data-srcset=\"https:\/\/revestech.es\/wp-content\/uploads\/2019\/09\/esquema-200x56.jpg 200w, https:\/\/revestech.es\/wp-content\/uploads\/2019\/09\/esquema-400x112.jpg 400w, https:\/\/revestech.es\/wp-content\/uploads\/2019\/09\/esquema.jpg 441w\" data-sizes=\"auto\" data-orig-sizes=\"(max-width: 1200px) 100vw, 441px\" \/><\/span><\/div>\n<\/div>\n<div class=\"fusion-clearfix\"><\/div>\n<\/div>\n<\/div>\n<\/div>\n<\/div>\n<div class=\"fusion-fullwidth fullwidth-box fusion-builder-row-21 nonhundred-percent-fullwidth non-hundred-percent-height-scrolling fusion-equal-height-columns\">\n<div class=\"fusion-builder-row fusion-row\">\n<div class=\"fusion-layout-column fusion_builder_column fusion-builder-column-29 fusion_builder_column_1_3 1_3 fusion-one-third fusion-column-first\">\n<div class=\"fusion-column-wrapper fusion-flex-column-wrapper-legacy\">\n<div class=\"fusion-column-content-centered\">\n<div class=\"fusion-column-content\"><\/div>\n<\/div>\n<div class=\"fusion-clearfix\"><\/div>\n<\/div>\n<\/div>\n<div class=\"fusion-layout-column fusion_builder_column fusion-builder-column-30 fusion_builder_column_2_3 2_3 fusion-two-third fusion-column-last\">\n<div class=\"fusion-column-wrapper fusion-flex-column-wrapper-legacy\">\n<div class=\"fusion-column-content-centered\">\n<div class=\"fusion-column-content\"><span class=\" fusion-imageframe imageframe-none imageframe-4 hover-type-none\"><a class=\"fusion-lightbox\" title=\"rehabilitaci\u00f3n\" href=\"https:\/\/revestech.es\/wp-content\/uploads\/2019\/09\/rehabilitaci%C3%B3n-1.jpg\" data-rel=\"iLightbox[cd7fbc6e7568e1e4e76]\" data-title=\"rehabilitaci\u00f3n\" data-caption=\"\"><img loading=\"lazy\" decoding=\"async\" class=\"img-responsive wp-image-7758 lazyautosizes lazyloaded\" title=\"Impermeabilizaci\u00f3n de piscinas 5\" src=\"https:\/\/revestech.es\/wp-content\/uploads\/2019\/09\/rehabilitaci%C3%B3n-1.jpg\" sizes=\"auto, 947px\" srcset=\"https:\/\/revestech.es\/wp-content\/uploads\/2019\/09\/rehabilitaci\u00f3n-1-200x89.jpg 200w, https:\/\/revestech.es\/wp-content\/uploads\/2019\/09\/rehabilitaci\u00f3n-1-400x178.jpg 400w, https:\/\/revestech.es\/wp-content\/uploads\/2019\/09\/rehabilitaci\u00f3n-1-600x266.jpg 600w, https:\/\/revestech.es\/wp-content\/uploads\/2019\/09\/rehabilitaci\u00f3n-1-800x355.jpg 800w, https:\/\/revestech.es\/wp-content\/uploads\/2019\/09\/rehabilitaci\u00f3n-1.jpg 1196w\" alt=\"Impermeabilizaci\u00f3n de piscinas 11\" width=\"1196\" height=\"531\" data-orig-src=\"https:\/\/revestech.es\/wp-content\/uploads\/2019\/09\/rehabilitaci\u00f3n-1.jpg\" data-srcset=\"https:\/\/revestech.es\/wp-content\/uploads\/2019\/09\/rehabilitaci\u00f3n-1-200x89.jpg 200w, https:\/\/revestech.es\/wp-content\/uploads\/2019\/09\/rehabilitaci\u00f3n-1-400x178.jpg 400w, https:\/\/revestech.es\/wp-content\/uploads\/2019\/09\/rehabilitaci\u00f3n-1-600x266.jpg 600w, https:\/\/revestech.es\/wp-content\/uploads\/2019\/09\/rehabilitaci\u00f3n-1-800x355.jpg 800w, https:\/\/revestech.es\/wp-content\/uploads\/2019\/09\/rehabilitaci\u00f3n-1.jpg 1196w\" data-sizes=\"auto\" data-orig-sizes=\"(max-width: 1200px) 100vw, 1196px\" \/><\/a><\/span><\/div>\n<\/div>\n<\/div>\n<\/div>\n<\/div>\n<\/div>\n<\/div>\n<\/div>\n<\/div>\n<\/div>\n<\/div>\n<\/div>\n<\/div>\n<\/div>\n","protected":false},"excerpt":{"rendered":"<p>Schwimmbad Abdichtung mit REVESTECH DRY120 Systemabdichtungsbahn f\u00fcr alle Arten von Schwimmbecken. Mehrschichtige Abdichtungsbahn, die speziell entwickelt wurde, um die vollst\u00e4ndige Wasserdichtigkeit des Schwimmbeckens sowohl beim Neubau als auch bei der Sanierung zu gew\u00e4hrleisten. Es l\u00f6st das Problem der Feuchtigkeit in allen Arten von Schwimmbecken durch die Installation, die mit dem&#8230;<\/p>\n","protected":false},"author":2,"featured_media":0,"parent":0,"menu_order":0,"comment_status":"closed","ping_status":"closed","template":"","meta":{"footnotes":""},"class_list":["post-3936","page","type-page","status-publish","hentry"],"_links":{"self":[{"href":"https:\/\/www.renovapool.com\/de\/wp-json\/wp\/v2\/pages\/3936","targetHints":{"allow":["GET"]}}],"collection":[{"href":"https:\/\/www.renovapool.com\/de\/wp-json\/wp\/v2\/pages"}],"about":[{"href":"https:\/\/www.renovapool.com\/de\/wp-json\/wp\/v2\/types\/page"}],"author":[{"embeddable":true,"href":"https:\/\/www.renovapool.com\/de\/wp-json\/wp\/v2\/users\/2"}],"replies":[{"embeddable":true,"href":"https:\/\/www.renovapool.com\/de\/wp-json\/wp\/v2\/comments?post=3936"}],"version-history":[{"count":6,"href":"https:\/\/www.renovapool.com\/de\/wp-json\/wp\/v2\/pages\/3936\/revisions"}],"predecessor-version":[{"id":3946,"href":"https:\/\/www.renovapool.com\/de\/wp-json\/wp\/v2\/pages\/3936\/revisions\/3946"}],"wp:attachment":[{"href":"https:\/\/www.renovapool.com\/de\/wp-json\/wp\/v2\/media?parent=3936"}],"curies":[{"name":"wp","href":"https:\/\/api.w.org\/{rel}","templated":true}]}}