{"id":3055,"date":"2020-01-06T19:18:15","date_gmt":"2020-01-06T18:18:15","guid":{"rendered":"http:\/\/www.renovapool.com\/bombas-de-calor\/"},"modified":"2020-01-06T19:44:23","modified_gmt":"2020-01-06T18:44:23","slug":"bombas-de-calor","status":"publish","type":"page","link":"https:\/\/www.renovapool.com\/de\/bombas-de-calor\/","title":{"rendered":"W\u00e4rmepumpen"},"content":{"rendered":"<p>W\u00e4rmepumpen sind die \u00f6kologischste und wirtschaftlichste Heizl\u00f6sung f\u00fcr Ihren Pool, die Kosten f\u00fcr die Nutzung dieses Systems machen es zu einer der wettbewerbsf\u00e4higsten. Die W\u00e4rmepumpen k\u00f6nnen mit einem einfachen elektrischen und hydraulischen Anschluss leicht in Schwimmb\u00e4der im Bau oder in bestehende Schwimmb\u00e4der installiert werden. Es gibt eine Reihe von Vorteilen, die dieses Heizsystem zu einem Favoriten f\u00fcr Poolbesitzer machen, die die Nutzung ihres Pools zu Beginn und am Ende der Saison verl\u00e4ngern m\u00f6chten, um das Beste aus ihrem Pool herauszuholen.<\/p>\n<p>SCHL\u00dcSSELINDIKATOREN ZUR BERECHNUNG IHRES VERBRAUCHS<\/p>\n<p>Es gibt zwei grundlegende Indikatoren f\u00fcr die Berechnung der Leistung Ihrer W\u00e4rmepumpe: die Leistung und die Leistungszahl (COP). Diese Indikatoren helfen uns, verschiedene W\u00e4rmepumpen miteinander zu vergleichen. Die Berechnungen m\u00fcssen bei der gleichen Temperatur (Luft und Wasser) und unter den gleichen Feuchtigkeitsbedingungen durchgef\u00fchrt werden.<\/p>\n<p>Die Leistung, ausgedr\u00fcckt in kW, sagt uns die Menge an W\u00e4rme, die auf das Schwimmbadwasser \u00fcbertragen wird. Die Leistungszahl (COP) wird auf der gleichen Basis berechnet, sie ist das Verh\u00e4ltnis zwischen der von der W\u00e4rmepumpe an Ihr Schwimmbad gelieferten W\u00e4rmeleistung und der verbrauchten elektrischen Leistung.<\/p>\n<p>Deshalb gilt: Je h\u00f6her die Leistungszahl, desto gr\u00f6\u00dfer die Heizleistung des Ger\u00e4tes, desto besser die Leistung und desto wirtschaftlicher ist es.\u00a0Eine gute W\u00e4rmepumpe hat eine Leistungszahl von mindestens 3-4, berechnet unter Standardbedingungen (Luft bei 15\u00b0C \/ Wasser bei 26\u00b0C \/ Luftfeuchtigkeit von 70%).<\/p>\n<p>Eine Leistungszahl von 5 bedeutet zum Beispiel, dass die W\u00e4rmepumpe pro 1 kWh verbrauchten Stroms 5 mal mehr Energie an das Schwimmbadwasser liefert, also 5 kWh.<\/p>\n","protected":false},"excerpt":{"rendered":"<p>W\u00e4rmepumpen sind die \u00f6kologischste und wirtschaftlichste Heizl\u00f6sung f\u00fcr Ihren Pool, die Kosten f\u00fcr die Nutzung dieses Systems machen es zu einer der wettbewerbsf\u00e4higsten. Die W\u00e4rmepumpen k\u00f6nnen mit einem einfachen elektrischen und hydraulischen Anschluss leicht in Schwimmb\u00e4der im Bau oder in bestehende Schwimmb\u00e4der installiert werden. Es gibt eine Reihe von Vorteilen,&#8230;<\/p>\n","protected":false},"author":2,"featured_media":0,"parent":0,"menu_order":0,"comment_status":"closed","ping_status":"closed","template":"","meta":{"footnotes":""},"class_list":["post-3055","page","type-page","status-publish","hentry"],"_links":{"self":[{"href":"https:\/\/www.renovapool.com\/de\/wp-json\/wp\/v2\/pages\/3055","targetHints":{"allow":["GET"]}}],"collection":[{"href":"https:\/\/www.renovapool.com\/de\/wp-json\/wp\/v2\/pages"}],"about":[{"href":"https:\/\/www.renovapool.com\/de\/wp-json\/wp\/v2\/types\/page"}],"author":[{"embeddable":true,"href":"https:\/\/www.renovapool.com\/de\/wp-json\/wp\/v2\/users\/2"}],"replies":[{"embeddable":true,"href":"https:\/\/www.renovapool.com\/de\/wp-json\/wp\/v2\/comments?post=3055"}],"version-history":[{"count":3,"href":"https:\/\/www.renovapool.com\/de\/wp-json\/wp\/v2\/pages\/3055\/revisions"}],"predecessor-version":[{"id":3062,"href":"https:\/\/www.renovapool.com\/de\/wp-json\/wp\/v2\/pages\/3055\/revisions\/3062"}],"wp:attachment":[{"href":"https:\/\/www.renovapool.com\/de\/wp-json\/wp\/v2\/media?parent=3055"}],"curies":[{"name":"wp","href":"https:\/\/api.w.org\/{rel}","templated":true}]}}