{"id":3044,"date":"2020-01-06T19:17:22","date_gmt":"2020-01-06T18:17:22","guid":{"rendered":"http:\/\/www.renovapool.com\/calefaccion-de-piscinas\/"},"modified":"2020-01-06T19:33:56","modified_gmt":"2020-01-06T18:33:56","slug":"calefaccion-de-piscinas","status":"publish","type":"page","link":"https:\/\/www.renovapool.com\/de\/calefaccion-de-piscinas\/","title":{"rendered":"Schwimmbad Heizung"},"content":{"rendered":"<div class=\"content\">\n<p>Schwimmbadheizung?<\/p>\n<p>Wie man eine Poolheizung ausw\u00e4hlt<\/p>\n<p>Die Erw\u00e4rmung des Wassers im Schwimmbad erm\u00f6glicht es, die Badesaison um 2 bis 4 Monate zu verl\u00e4ngern, je nach geographischem Gebiet und gew\u00e4hltem System. Wenn Sie beurteilen, welche Art von Poolheizung Sie installieren m\u00f6chten, ist es wichtig, die Kosten f\u00fcr die Installation zu ber\u00fccksichtigen, aber auch die Energiekosten, die jede Option mit sich bringt.<\/p>\n<h3>Solar Heizung<\/h3>\n<p>Eine wesentlich kosteng\u00fcnstigere Variante ist die Solarheizung, die aus der Integration eines Kreislaufs mit einem Solarkollektor besteht. Die Effizienz des Systems h\u00e4ngt vom Klima und den Sonnenstunden ab, daher ist es nicht so zuverl\u00e4ssig wie andere Systeme.<\/p>\n<p>Es gibt Modelle, die speziell f\u00fcr Schwimmb\u00e4der entwickelt wurden, und es ist eine n\u00fctzliche Ressource, um die Temperatur von kleinen erh\u00f6hten Becken zu verbessern.<\/p>\n<p>Ihre Installation ist sehr einfach, sie k\u00f6nnen im Sommer gesammelt werden oder, bei gr\u00f6\u00dferen Platten, mit einer Abdeckung gesch\u00fctzt werden. F\u00fcr seinen Betrieb werden sie, die Rohrverschraubungen verbindend, vom Antriebsrohr bis zum Ausgang des Reinigungssystems platziert.<\/p>\n<p>Es gibt auch halbkugelf\u00f6rmige Modelle, die f\u00fcr die Erw\u00e4rmung von ca. 10.000 Litern ausgelegt sind und in Reihe installiert werden k\u00f6nnen. Sie sind ideal f\u00fcr gr\u00f6\u00dfere Volumina oder um eine gr\u00f6\u00dfere solare Ertragsfl\u00e4che und eine schnellere Erw\u00e4rmung zu erreichen.<\/p>\n<h3>W\u00e4rmetauscher<\/h3>\n<p>Die W\u00e4rmetauscher werden vor allem in Spas und Hallenb\u00e4dern eingesetzt, k\u00f6nnen aber an jedes Schwimmbecken angebaut werden. Der W\u00e4rmetauscher ist ein Wasserheizsystem mit zwei Kreisl\u00e4ufen. Man nimmt Wasser aus dem Impulssystem und schickt es zur\u00fcck in den Pool. Die andere wird an das vorhandene Heizsystem im Haus angeschlossen (z.B. an einen Gas- oder \u00d6lkessel oder einen Sonnenkollektor) und nutzt dessen Energie zur Erw\u00e4rmung des Wassers. Auf diese Weise kann die Heizleistung des Kessels z.B. zur Erw\u00e4rmung des Schwimmbadwassers in der warmen Jahreszeit genutzt werden.<\/p>\n<p>Aus der Sicht der Installation ist es wie das Hinzuf\u00fcgen eines zus\u00e4tzlichen Heizk\u00f6rpers zum Heizkreislauf des Hauses. Wenn es nicht direkt in den Heizkreislauf des Kessels integriert und z.B. an einen Solarwasserspeicher angeschlossen werden kann, muss ein Modell mit einer Pumpe zur F\u00f6rderung des Wassers gew\u00e4hlt werden.<\/p>\n<p>Es gibt zwei Arten von W\u00e4rmetauschern:<\/p>\n<p>Multirohr: Dies ist das wirtschaftlichste und besteht aus mehreren Rohren (sowohl f\u00fcr den Heizkreislauf als auch f\u00fcr den Poolkreislauf), die das Wasser durch Kontakt erw\u00e4rmen.<br \/>\nPlatte: Sie bietet eine h\u00f6here Leistung, da das Wasser nicht durch Rohre, sondern durch Platten zirkuliert. Durch die Vergr\u00f6\u00dferung der Kontaktfl\u00e4che wird mehr Wasser in weniger Zeit erhitzt.<\/p>\n<p>Die W\u00e4rmetauscher k\u00f6nnen in verschiedenen Konfigurationen geliefert werden, je nach den Bed\u00fcrfnissen der Anlage.<\/p>\n<p>Basic: Nur der W\u00e4rmetauscherk\u00f6rper wird geliefert. Die Menge des erzeugten Warmwassers kann je nach dem Heizsystem des Hauses geregelt werden.<br \/>\nMit Regulierung: Ein System von Sonden und ein Thermostat ist montiert, um die Temperatur des in den Pool eingebrachten Wassers zu kontrollieren.<br \/>\nMit Regelung und Pumpe: Es ist das kompletteste System. Neben der integrierten Regelung, die eine Umw\u00e4lzpumpe beinhaltet, k\u00f6nnen Sie w\u00e4hlen, wann und wie stark das Becken beheizt wird. Es garantiert auch eine korrekte und schnelle R\u00fcckf\u00fchrung der Poolheizung und erh\u00f6ht somit deren Leistung.<\/p>\n<h3>Die W\u00e4rmepumpe<\/h3>\n<p>Das W\u00e4rmepumpensystem funktioniert wie eine Klimaanlage, erw\u00e4rmt aber nicht die Luft, sondern Wasser. Zur Durchf\u00fchrung des W\u00e4rmeaustausches nutzt sie die Eigenschaften des K\u00e4ltemittelgases, das die W\u00e4rme von au\u00dfen aufnimmt und an den internen Kreislauf abgibt. Wie bei den W\u00e4rmepumpen von Klimaanlagen muss die Au\u00dfenluft nicht hei\u00dfer sein als das Wasser, um W\u00e4rme zu entziehen.<\/p>\n<p>Der Hauptvorteil dieses Systems ist der geringe Verbrauch im Vergleich zu dem, der bei elektrischen Heizungen und W\u00e4rmetauschern erforderlich ist. Nur 20 % der erzeugten Energie ist elektrischen Ursprungs, der Rest entspricht der oben genannten Arbeit des K\u00e4ltemittelgases.<\/p>\n<p>Um eine W\u00e4rmepumpenanlage zu verwenden, m\u00fcssen Sie die gleiche Anpassung in der elektrischen Schalttafel der Hausversorgung vornehmen, die Sie auch bei einer Klimaanlage vornehmen w\u00fcrden, und Sie k\u00f6nnen sie an jedem beliebigen Punkt rund um den Pool auf der Oberfl\u00e4che platzieren.<\/p>\n<p>Je nach Gr\u00f6\u00dfe des Pools gibt es verschiedene Pumpen, dies sollten Sie bei der Auswahl ber\u00fccksichtigen. Weitere Unterschiede zwischen den Pumpen sind die Qualit\u00e4t, die ihre Leistung bestimmt, die Kompatibilit\u00e4t mit verschiedenen Desinfektionssystemen (z.B. Salzchlorung) und die Ger\u00e4uschdebrillanz, die sie im Betrieb erzeugt.<\/p>\n<p>&nbsp;<\/p>\n<\/div>\n","protected":false},"excerpt":{"rendered":"<p>Schwimmbadheizung? Wie man eine Poolheizung ausw\u00e4hlt Die Erw\u00e4rmung des Wassers im Schwimmbad erm\u00f6glicht es, die Badesaison um 2 bis 4 Monate zu verl\u00e4ngern, je nach geographischem Gebiet und gew\u00e4hltem System. Wenn Sie beurteilen, welche Art von Poolheizung Sie installieren m\u00f6chten, ist es wichtig, die Kosten f\u00fcr die Installation zu ber\u00fccksichtigen,&#8230;<\/p>\n","protected":false},"author":2,"featured_media":0,"parent":0,"menu_order":0,"comment_status":"closed","ping_status":"closed","template":"","meta":{"footnotes":""},"class_list":["post-3044","page","type-page","status-publish","hentry"],"_links":{"self":[{"href":"https:\/\/www.renovapool.com\/de\/wp-json\/wp\/v2\/pages\/3044","targetHints":{"allow":["GET"]}}],"collection":[{"href":"https:\/\/www.renovapool.com\/de\/wp-json\/wp\/v2\/pages"}],"about":[{"href":"https:\/\/www.renovapool.com\/de\/wp-json\/wp\/v2\/types\/page"}],"author":[{"embeddable":true,"href":"https:\/\/www.renovapool.com\/de\/wp-json\/wp\/v2\/users\/2"}],"replies":[{"embeddable":true,"href":"https:\/\/www.renovapool.com\/de\/wp-json\/wp\/v2\/comments?post=3044"}],"version-history":[{"count":4,"href":"https:\/\/www.renovapool.com\/de\/wp-json\/wp\/v2\/pages\/3044\/revisions"}],"predecessor-version":[{"id":3053,"href":"https:\/\/www.renovapool.com\/de\/wp-json\/wp\/v2\/pages\/3044\/revisions\/3053"}],"wp:attachment":[{"href":"https:\/\/www.renovapool.com\/de\/wp-json\/wp\/v2\/media?parent=3044"}],"curies":[{"name":"wp","href":"https:\/\/api.w.org\/{rel}","templated":true}]}}