{"id":2670,"date":"2018-12-01T19:04:24","date_gmt":"2018-12-01T18:04:24","guid":{"rendered":"http:\/\/renovapool.com\/pvc-liner-en-san-jaime-benissa-2\/"},"modified":"2021-04-16T09:51:02","modified_gmt":"2021-04-16T07:51:02","slug":"pvc-liner-en-san-jaime-benissa-2","status":"publish","type":"page","link":"https:\/\/www.renovapool.com\/de\/pvc-liner-en-san-jaime-benissa-2\/","title":{"rendered":"PVC Liner in Cap Blanc, Benissa K\u00fcste"},"content":{"rendered":"<p>Dieses Schwimmbad haben wir mit der aussergew\u00f6hnlichen Folie PERSIA SAND von ALKORPLAN 3000 ausgekleidet<\/p>\n<p>Das Schwimmbad unseres Holl\u00e4ndischen Kunden ist direkt am Meer gelegen, und das Design der Villa und der Terrassen ist perfekt f\u00fcr die gew\u00e4hlte Farbe!<\/p>\n<p>Ausserdem haben wir eine R\u00f6mische Treppe eingebaut, um den Zugang zu erleichtern<\/p>\n<p><a href=\"http:\/\/renovapool.com\/wp-content\/uploads\/2018\/12\/001.JPG-for-web-normal-1335010063.jpg\"><img loading=\"lazy\" decoding=\"async\" class=\"alignnone size-medium wp-image-2652\" src=\"http:\/\/renovapool.com\/wp-content\/uploads\/2018\/12\/001.JPG-for-web-normal-1335010063-300x228.jpg\" alt=\"\" width=\"300\" height=\"228\" srcset=\"https:\/\/www.renovapool.com\/wp-content\/uploads\/2018\/12\/001.JPG-for-web-normal-1335010063-300x228.jpg 300w, https:\/\/www.renovapool.com\/wp-content\/uploads\/2018\/12\/001.JPG-for-web-normal-1335010063.jpg 320w\" sizes=\"auto, (max-width: 300px) 100vw, 300px\" \/><\/a> <a href=\"http:\/\/renovapool.com\/wp-content\/uploads\/2018\/12\/002.JPG-for-web-normal-1335010096.jpg\"><img loading=\"lazy\" decoding=\"async\" class=\"alignnone size-medium wp-image-2655\" src=\"http:\/\/renovapool.com\/wp-content\/uploads\/2018\/12\/002.JPG-for-web-normal-1335010096-300x228.jpg\" alt=\"\" width=\"300\" height=\"228\" srcset=\"https:\/\/www.renovapool.com\/wp-content\/uploads\/2018\/12\/002.JPG-for-web-normal-1335010096-300x228.jpg 300w, https:\/\/www.renovapool.com\/wp-content\/uploads\/2018\/12\/002.JPG-for-web-normal-1335010096.jpg 320w\" sizes=\"auto, (max-width: 300px) 100vw, 300px\" \/><\/a> <a href=\"http:\/\/renovapool.com\/wp-content\/uploads\/2018\/12\/003.JPG-for-web-normal-1335010117.jpg\"><img loading=\"lazy\" decoding=\"async\" class=\"alignnone size-medium wp-image-2658\" src=\"http:\/\/renovapool.com\/wp-content\/uploads\/2018\/12\/003.JPG-for-web-normal-1335010117-300x228.jpg\" alt=\"\" width=\"300\" height=\"228\" srcset=\"https:\/\/www.renovapool.com\/wp-content\/uploads\/2018\/12\/003.JPG-for-web-normal-1335010117-300x228.jpg 300w, https:\/\/www.renovapool.com\/wp-content\/uploads\/2018\/12\/003.JPG-for-web-normal-1335010117.jpg 320w\" sizes=\"auto, (max-width: 300px) 100vw, 300px\" \/><\/a> <a href=\"http:\/\/renovapool.com\/wp-content\/uploads\/2018\/12\/004.JPG-for-web-normal-1335010159.jpg\"><img loading=\"lazy\" decoding=\"async\" class=\"alignnone size-medium wp-image-2661\" src=\"http:\/\/renovapool.com\/wp-content\/uploads\/2018\/12\/004.JPG-for-web-normal-1335010159-300x228.jpg\" alt=\"\" width=\"300\" height=\"228\" srcset=\"https:\/\/www.renovapool.com\/wp-content\/uploads\/2018\/12\/004.JPG-for-web-normal-1335010159-300x228.jpg 300w, https:\/\/www.renovapool.com\/wp-content\/uploads\/2018\/12\/004.JPG-for-web-normal-1335010159.jpg 320w\" sizes=\"auto, (max-width: 300px) 100vw, 300px\" \/><\/a> <a href=\"http:\/\/renovapool.com\/wp-content\/uploads\/2018\/12\/7.JPG-for-web-normal.jpg\"><img loading=\"lazy\" decoding=\"async\" class=\"alignnone size-medium wp-image-2664\" src=\"http:\/\/renovapool.com\/wp-content\/uploads\/2018\/12\/7.JPG-for-web-normal-300x228.jpg\" alt=\"\" width=\"300\" height=\"228\" srcset=\"https:\/\/www.renovapool.com\/wp-content\/uploads\/2018\/12\/7.JPG-for-web-normal-300x228.jpg 300w, https:\/\/www.renovapool.com\/wp-content\/uploads\/2018\/12\/7.JPG-for-web-normal.jpg 320w\" sizes=\"auto, (max-width: 300px) 100vw, 300px\" \/><\/a><\/p>\n","protected":false},"excerpt":{"rendered":"<p>Dieses Schwimmbad haben wir mit der aussergew\u00f6hnlichen Folie PERSIA SAND von ALKORPLAN 3000 ausgekleidet Das Schwimmbad unseres Holl\u00e4ndischen Kunden ist direkt am Meer gelegen, und das Design der Villa und der Terrassen ist perfekt f\u00fcr die gew\u00e4hlte Farbe! Ausserdem haben wir eine R\u00f6mische Treppe eingebaut, um den Zugang zu erleichtern<\/p>\n","protected":false},"author":2,"featured_media":0,"parent":0,"menu_order":0,"comment_status":"closed","ping_status":"closed","template":"","meta":{"footnotes":""},"class_list":["post-2670","page","type-page","status-publish","hentry"],"_links":{"self":[{"href":"https:\/\/www.renovapool.com\/de\/wp-json\/wp\/v2\/pages\/2670","targetHints":{"allow":["GET"]}}],"collection":[{"href":"https:\/\/www.renovapool.com\/de\/wp-json\/wp\/v2\/pages"}],"about":[{"href":"https:\/\/www.renovapool.com\/de\/wp-json\/wp\/v2\/types\/page"}],"author":[{"embeddable":true,"href":"https:\/\/www.renovapool.com\/de\/wp-json\/wp\/v2\/users\/2"}],"replies":[{"embeddable":true,"href":"https:\/\/www.renovapool.com\/de\/wp-json\/wp\/v2\/comments?post=2670"}],"version-history":[{"count":3,"href":"https:\/\/www.renovapool.com\/de\/wp-json\/wp\/v2\/pages\/2670\/revisions"}],"predecessor-version":[{"id":4251,"href":"https:\/\/www.renovapool.com\/de\/wp-json\/wp\/v2\/pages\/2670\/revisions\/4251"}],"wp:attachment":[{"href":"https:\/\/www.renovapool.com\/de\/wp-json\/wp\/v2\/media?parent=2670"}],"curies":[{"name":"wp","href":"https:\/\/api.w.org\/{rel}","templated":true}]}}