{"id":2363,"date":"2012-05-16T16:04:44","date_gmt":"2012-05-16T16:04:44","guid":{"rendered":"http:\/\/renovapool.com\/renovation\/pool-coronation\/"},"modified":"2018-11-27T19:00:06","modified_gmt":"2018-11-27T18:00:06","slug":"pool-coronation","status":"publish","type":"page","link":"https:\/\/www.renovapool.com\/de\/renovation\/pool-coronation\/","title":{"rendered":"Corona Piscinas"},"content":{"rendered":"<p><strong>Neue Schwimmbad Umrandung<\/strong><\/p>\n<p>Wir erneuern Ihre Umrandung in nur 3 Tagen, geben Ihnen 10 jahre Garantie darauf, und k\u00f6nnen Sie zus\u00e4tzlich noch gegen Schimmalbefall etc. impr\u00e4gnieren! Und das f\u00fcr 1500.&#8211; EUROS f\u00fcr einen 8&#215;4 Pool!! 4 verschiedene Farbgen zur Auswahl!<\/p>\n<p>Wir k\u00f6nnen Ihre bestehende Umrandung mit Monocapa reparieren, Teile auswechseln, vom Schimmel befreien und sie impr\u00e4gnieren, oder einfach nur streichen!<\/p>\n\n\t\t<style type=\"text\/css\">\n\t\t\t#gallery-1 {\n\t\t\t\tmargin: auto;\n\t\t\t}\n\t\t\t#gallery-1 .gallery-item {\n\t\t\t\tfloat: left;\n\t\t\t\tmargin-top: 10px;\n\t\t\t\ttext-align: center;\n\t\t\t\twidth: 33%;\n\t\t\t}\n\t\t\t#gallery-1 img {\n\t\t\t\tborder: 2px solid #cfcfcf;\n\t\t\t}\n\t\t\t#gallery-1 .gallery-caption {\n\t\t\t\tmargin-left: 0;\n\t\t\t}\n\t\t\t\/* see gallery_shortcode() in wp-includes\/media.php *\/\n\t\t<\/style>\n\t\t<div id='gallery-1' class='gallery galleryid-2363 gallery-columns-3 gallery-size-thumbnail'><dl class='gallery-item'>\n\t\t\t<dt class='gallery-icon landscape'>\n\t\t\t\t<a href='https:\/\/www.renovapool.com\/de\/renovation\/pool-coronation\/attachment\/foto1-8-2\/'><img loading=\"lazy\" decoding=\"async\" width=\"150\" height=\"150\" src=\"https:\/\/www.renovapool.com\/wp-content\/uploads\/2012\/05\/foto191-150x150.jpg\" class=\"attachment-thumbnail size-thumbnail\" alt=\"\" \/><\/a>\n\t\t\t<\/dt><\/dl><dl class='gallery-item'>\n\t\t\t<dt class='gallery-icon landscape'>\n\t\t\t\t<a href='https:\/\/www.renovapool.com\/de\/renovation\/pool-coronation\/attachment\/foto2-7-2\/'><img loading=\"lazy\" decoding=\"async\" width=\"150\" height=\"150\" src=\"https:\/\/www.renovapool.com\/wp-content\/uploads\/2012\/05\/foto261-150x150.jpg\" class=\"attachment-thumbnail size-thumbnail\" alt=\"\" \/><\/a>\n\t\t\t<\/dt><\/dl><dl class='gallery-item'>\n\t\t\t<dt class='gallery-icon landscape'>\n\t\t\t\t<a href='https:\/\/www.renovapool.com\/de\/renovation\/pool-coronation\/attachment\/foto3-7-2\/'><img loading=\"lazy\" decoding=\"async\" width=\"150\" height=\"150\" src=\"https:\/\/www.renovapool.com\/wp-content\/uploads\/2012\/05\/foto361-150x150.jpg\" class=\"attachment-thumbnail size-thumbnail\" alt=\"\" \/><\/a>\n\t\t\t<\/dt><\/dl><br style=\"clear: both\" \/><dl class='gallery-item'>\n\t\t\t<dt class='gallery-icon landscape'>\n\t\t\t\t<a href='https:\/\/www.renovapool.com\/de\/renovation\/pool-coronation\/attachment\/foto4-7-2\/'><img loading=\"lazy\" decoding=\"async\" width=\"150\" height=\"150\" src=\"https:\/\/www.renovapool.com\/wp-content\/uploads\/2012\/05\/foto461-150x150.jpg\" class=\"attachment-thumbnail size-thumbnail\" alt=\"\" \/><\/a>\n\t\t\t<\/dt><\/dl><dl class='gallery-item'>\n\t\t\t<dt class='gallery-icon landscape'>\n\t\t\t\t<a href='https:\/\/www.renovapool.com\/de\/renovation\/pool-coronation\/attachment\/foto5-7-2\/'><img loading=\"lazy\" decoding=\"async\" width=\"150\" height=\"150\" src=\"https:\/\/www.renovapool.com\/wp-content\/uploads\/2012\/05\/foto561-150x150.jpg\" class=\"attachment-thumbnail size-thumbnail\" alt=\"\" \/><\/a>\n\t\t\t<\/dt><\/dl>\n\t\t\t<br style='clear: both' \/>\n\t\t<\/div>\n\n<p><!--:--><!--:de--><\/p>\n<p><!--:--><\/p>\n","protected":false},"excerpt":{"rendered":"<p>Neue Schwimmbad Umrandung Wir erneuern Ihre Umrandung in nur 3 Tagen, geben Ihnen 10 jahre Garantie darauf, und k\u00f6nnen Sie zus\u00e4tzlich noch gegen Schimmalbefall etc. impr\u00e4gnieren! Und das f\u00fcr 1500.&#8211; EUROS f\u00fcr einen 8&#215;4 Pool!! 4 verschiedene Farbgen zur Auswahl! Wir k\u00f6nnen Ihre bestehende Umrandung mit Monocapa reparieren, Teile auswechseln,&#8230;<\/p>\n","protected":false},"author":2,"featured_media":0,"parent":2264,"menu_order":0,"comment_status":"closed","ping_status":"closed","template":"","meta":{"footnotes":""},"class_list":["post-2363","page","type-page","status-publish","hentry"],"_links":{"self":[{"href":"https:\/\/www.renovapool.com\/de\/wp-json\/wp\/v2\/pages\/2363","targetHints":{"allow":["GET"]}}],"collection":[{"href":"https:\/\/www.renovapool.com\/de\/wp-json\/wp\/v2\/pages"}],"about":[{"href":"https:\/\/www.renovapool.com\/de\/wp-json\/wp\/v2\/types\/page"}],"author":[{"embeddable":true,"href":"https:\/\/www.renovapool.com\/de\/wp-json\/wp\/v2\/users\/2"}],"replies":[{"embeddable":true,"href":"https:\/\/www.renovapool.com\/de\/wp-json\/wp\/v2\/comments?post=2363"}],"version-history":[{"count":4,"href":"https:\/\/www.renovapool.com\/de\/wp-json\/wp\/v2\/pages\/2363\/revisions"}],"predecessor-version":[{"id":2450,"href":"https:\/\/www.renovapool.com\/de\/wp-json\/wp\/v2\/pages\/2363\/revisions\/2450"}],"up":[{"embeddable":true,"href":"https:\/\/www.renovapool.com\/de\/wp-json\/wp\/v2\/pages\/2264"}],"wp:attachment":[{"href":"https:\/\/www.renovapool.com\/de\/wp-json\/wp\/v2\/media?parent=2363"}],"curies":[{"name":"wp","href":"https:\/\/api.w.org\/{rel}","templated":true}]}}