{"id":2356,"date":"2012-05-16T16:35:56","date_gmt":"2012-05-16T16:35:56","guid":{"rendered":"http:\/\/renovapool.com\/solar-heating\/"},"modified":"2018-11-26T17:32:36","modified_gmt":"2018-11-26T16:32:36","slug":"solar-heating","status":"publish","type":"page","link":"https:\/\/www.renovapool.com\/de\/solar-heating\/","title":{"rendered":"Schwimmbad Solar Heizung"},"content":{"rendered":"<p>Das man sein Schwimmbad an der Costa Blanca nur 3 &#8211; 6 Monate benutzen kann, dass ist den meisten neuen Hausbesitzern von Anfang an nicht klar. Da f\u00fcr die Mehrheit der Badenden eine Temperatur \u00fcber 24 Grad als angenehm empfunden wird, haben die gl\u00fccklichen unter uns eine gute Chance, von Mitte April bis Mitte Oktober zu Baden.<\/p>\n<p>Vor allem Wind und H\u00f6henlage f\u00fchren in Urbanisationen wie z.B. Cumbre del Sol, Monte Pedreguer oder Monte Pego dazu, das manche Kunden von uns nur im Juli und August mit Ihrem Pool zufrieden sind!<\/p>\n<p>Da aber mal ein kluger Franzose es auf den Punkt gebracht hat und sagte: Es ist kein Luxus ein Schwimmbad zu besitzen, der Luxus besteht darin dieses Bad mehr als die H\u00e4lfte des Jahres nicht zu benutzen!<\/p>\n<p>Und genau deswegen entscheiden sich immer mehr, Ihr Schwimmbad wenigstens in der \u00dcbergangszeit zu beheizen. Ich meine auch das es nicht unbedingt sein muss, im Winter 28-30 Grad im Wasser zu haben, und gleich vorweg wenn Sie es nicht schon wissen &#8211; diese Temperatur ist mit Solarheizung nicht m\u00f6glich! Oder wenn \u00fcberhaupt, nur mit einem \u00fcberdimesnsionierten System, und wohl nur mit einer niederigen Aluminium-Plexiglas Abdeckung.<\/p>\n<p>Sollten Sie diese Temperatur anstreben, raten wir Ihnen dazu, eine W\u00e4rmepumpe einzubauen. Der Anschaffungspreis samt Installation liegt zwar h\u00f6her, allerdings kann man bei richtiger Auswahl der Gr\u00f6sse, und bei gleichzeitiger Benutzung einer guten Abdeckung, den ganzen Winter \u00fcber schwimmen!<\/p>\n<p>Nur, im Gegensatz zur Solarheizung, hat man damit einen Verbrauch von Strom, der je nach Fabrikat recht hoch sein kann. Sollten Sie zu diesem Thema etwas Informationen brauchen, k\u00f6nnen wir Ihnen erfahrene Fachgesch\u00e4fte in der Gegend nennen.<br \/>\nAuch werden immer noch W\u00e4rmetauscher auf Basis von Gas- bzw. \u00d6l Zentralheizung benutzt &#8211; diese Kombinbation ist aus verst\u00e4ndlichen Gr\u00fcnden schon seit ein paar Jahren nicht mehr zugelassen &#8211; und machen bei den jetzigen Rohstoffpreisen wirklich keinen Sinn mehr.<\/p>\n<p>Wenn \u00fcberhaupt, dann machen diese W\u00e4rmetauscher nur einen Sinn in Verbindung mit Solarheizungen.<\/p>\n<p>Bei den Solarheizungen werden hier an der K\u00fcste \u00fcberwiegend Solar Absorber (in Form von speziellen Schl\u00e4uchen, Matten, feinen R\u00f6hren und einiges mehr verwendet. Es gibt zig Systeme und dementsprechend auch Marken &#8211; genaueres unter der Rubrik Solar Absorber.<\/p>\n<p>F\u00fcr ein Absorber System sollte man wenigstens 50% der Pool Oberfl\u00e4che als Aufstellfl\u00e4che zur Verf\u00fcgung haben! Und ein unbedingtes Muss ist eine gute Abdeckung, anonsten sollte man lieber gleich 100% der Oberfl\u00e4che kalkulieren.<\/p>\n<p>Wer partout keine Abdeckungen benutzen kann oder will, f\u00fcr den gibt es jetzt die M\u00f6glichkeit, mit einer speziellen Fl\u00fcssigkeit einen unsichtbaren Film auf der Wasseroberfl\u00e4che zu produzieren<\/p>\n\n\t\t<style type=\"text\/css\">\n\t\t\t#gallery-1 {\n\t\t\t\tmargin: auto;\n\t\t\t}\n\t\t\t#gallery-1 .gallery-item {\n\t\t\t\tfloat: left;\n\t\t\t\tmargin-top: 10px;\n\t\t\t\ttext-align: center;\n\t\t\t\twidth: 33%;\n\t\t\t}\n\t\t\t#gallery-1 img {\n\t\t\t\tborder: 2px solid #cfcfcf;\n\t\t\t}\n\t\t\t#gallery-1 .gallery-caption {\n\t\t\t\tmargin-left: 0;\n\t\t\t}\n\t\t\t\/* see gallery_shortcode() in wp-includes\/media.php *\/\n\t\t<\/style>\n\t\t<div id='gallery-1' class='gallery galleryid-2356 gallery-columns-3 gallery-size-thumbnail'><dl class='gallery-item'>\n\t\t\t<dt class='gallery-icon landscape'>\n\t\t\t\t<a href='https:\/\/www.renovapool.com\/de\/solar-heating\/attachment\/1-2-2\/'><img loading=\"lazy\" decoding=\"async\" width=\"150\" height=\"150\" src=\"https:\/\/www.renovapool.com\/wp-content\/uploads\/2012\/05\/121-150x150.jpg\" class=\"attachment-thumbnail size-thumbnail\" alt=\"\" \/><\/a>\n\t\t\t<\/dt><\/dl><dl class='gallery-item'>\n\t\t\t<dt class='gallery-icon landscape'>\n\t\t\t\t<a href='https:\/\/www.renovapool.com\/de\/solar-heating\/attachment\/2-2-2\/'><img loading=\"lazy\" decoding=\"async\" width=\"150\" height=\"150\" src=\"https:\/\/www.renovapool.com\/wp-content\/uploads\/2012\/05\/211-150x150.jpg\" class=\"attachment-thumbnail size-thumbnail\" alt=\"\" \/><\/a>\n\t\t\t<\/dt><\/dl><dl class='gallery-item'>\n\t\t\t<dt class='gallery-icon landscape'>\n\t\t\t\t<a href='https:\/\/www.renovapool.com\/de\/solar-heating\/attachment\/5-2-2\/'><img loading=\"lazy\" decoding=\"async\" width=\"150\" height=\"150\" src=\"https:\/\/www.renovapool.com\/wp-content\/uploads\/2012\/05\/511-150x150.jpg\" class=\"attachment-thumbnail size-thumbnail\" alt=\"\" \/><\/a>\n\t\t\t<\/dt><\/dl><br style=\"clear: both\" \/><dl class='gallery-item'>\n\t\t\t<dt class='gallery-icon landscape'>\n\t\t\t\t<a href='https:\/\/www.renovapool.com\/de\/solar-heating\/attachment\/6-2-2\/'><img loading=\"lazy\" decoding=\"async\" width=\"150\" height=\"150\" src=\"https:\/\/www.renovapool.com\/wp-content\/uploads\/2012\/05\/611-150x150.jpg\" class=\"attachment-thumbnail size-thumbnail\" alt=\"\" \/><\/a>\n\t\t\t<\/dt><\/dl><dl class='gallery-item'>\n\t\t\t<dt class='gallery-icon landscape'>\n\t\t\t\t<a href='https:\/\/www.renovapool.com\/de\/solar-heating\/attachment\/8-2-2\/'><img loading=\"lazy\" decoding=\"async\" width=\"150\" height=\"150\" src=\"https:\/\/www.renovapool.com\/wp-content\/uploads\/2012\/05\/811-150x150.jpg\" class=\"attachment-thumbnail size-thumbnail\" alt=\"\" \/><\/a>\n\t\t\t<\/dt><\/dl><dl class='gallery-item'>\n\t\t\t<dt class='gallery-icon landscape'>\n\t\t\t\t<a href='https:\/\/www.renovapool.com\/de\/solar-heating\/attachment\/9-2-2\/'><img loading=\"lazy\" decoding=\"async\" width=\"150\" height=\"150\" src=\"https:\/\/www.renovapool.com\/wp-content\/uploads\/2012\/05\/93-150x150.jpg\" class=\"attachment-thumbnail size-thumbnail\" alt=\"\" \/><\/a>\n\t\t\t<\/dt><\/dl><br style=\"clear: both\" \/><dl class='gallery-item'>\n\t\t\t<dt class='gallery-icon landscape'>\n\t\t\t\t<a href='https:\/\/www.renovapool.com\/de\/solar-heating\/attachment\/10-2-2\/'><img loading=\"lazy\" decoding=\"async\" width=\"150\" height=\"150\" src=\"https:\/\/www.renovapool.com\/wp-content\/uploads\/2012\/05\/1011-150x150.jpg\" class=\"attachment-thumbnail size-thumbnail\" alt=\"\" \/><\/a>\n\t\t\t<\/dt><\/dl>\n\t\t\t<br style='clear: both' \/>\n\t\t<\/div>\n\n<p><!--:--><!--:de--><\/p>\n<p>&nbsp;<\/p>\n<p><!--:--><\/p>\n","protected":false},"excerpt":{"rendered":"<p>Das man sein Schwimmbad an der Costa Blanca nur 3 &#8211; 6 Monate benutzen kann, dass ist den meisten neuen Hausbesitzern von Anfang an nicht klar. Da f\u00fcr die Mehrheit der Badenden eine Temperatur \u00fcber 24 Grad als angenehm empfunden wird, haben die gl\u00fccklichen unter uns eine gute Chance, von&#8230;<\/p>\n","protected":false},"author":2,"featured_media":0,"parent":0,"menu_order":0,"comment_status":"closed","ping_status":"closed","template":"","meta":{"footnotes":""},"class_list":["post-2356","page","type-page","status-publish","hentry"],"_links":{"self":[{"href":"https:\/\/www.renovapool.com\/de\/wp-json\/wp\/v2\/pages\/2356","targetHints":{"allow":["GET"]}}],"collection":[{"href":"https:\/\/www.renovapool.com\/de\/wp-json\/wp\/v2\/pages"}],"about":[{"href":"https:\/\/www.renovapool.com\/de\/wp-json\/wp\/v2\/types\/page"}],"author":[{"embeddable":true,"href":"https:\/\/www.renovapool.com\/de\/wp-json\/wp\/v2\/users\/2"}],"replies":[{"embeddable":true,"href":"https:\/\/www.renovapool.com\/de\/wp-json\/wp\/v2\/comments?post=2356"}],"version-history":[{"count":3,"href":"https:\/\/www.renovapool.com\/de\/wp-json\/wp\/v2\/pages\/2356\/revisions"}],"predecessor-version":[{"id":2428,"href":"https:\/\/www.renovapool.com\/de\/wp-json\/wp\/v2\/pages\/2356\/revisions\/2428"}],"wp:attachment":[{"href":"https:\/\/www.renovapool.com\/de\/wp-json\/wp\/v2\/media?parent=2356"}],"curies":[{"name":"wp","href":"https:\/\/api.w.org\/{rel}","templated":true}]}}