{"id":2344,"date":"2012-05-17T07:46:00","date_gmt":"2012-05-17T07:46:00","guid":{"rendered":"http:\/\/renovapool.com\/renovation\/garden-planing\/"},"modified":"2018-12-01T13:31:06","modified_gmt":"2018-12-01T12:31:06","slug":"garden-planing","status":"publish","type":"page","link":"https:\/\/www.renovapool.com\/de\/renovation\/garden-planing\/","title":{"rendered":"Garden Gestaltung"},"content":{"rendered":"<p>Sie sind vermutlich auf diesem Abschnitt, weil Sie nicht mit der Gartenanlage zufrieden sind, die Sie im Moment haben.<\/p>\n<p>Oder Sie haben gerade erst Ihren Bau abgeschlossen und m\u00fcssen jetzt die Schokoladenseite Ihres Hauses machen!<\/p>\n<p>Um die Landschaftsgestaltung zu machen, glauben wir, dass es wichtig ist, mit einem erfahrenen Profi zu sprechen, nicht alle Bauherren sind auch gute G\u00e4rtner!<\/p>\n<p>Zun\u00e4chst einmal, sehr wichtig, sich gen\u00fcgend Zeit zu nehmen und \u00fcber alle M\u00f6glichkeiten zu sprechen,denn sicerlich haben Sie selber schon viele Ideen.<\/p>\n<p>Dann ist es wichtig zu sehen, ob alle Tr\u00e4ume einfach zu verwirklichen sind, oder aufgrund der Umst\u00e4nde (starker Wind, knappe Wasserversorgung, zu viel Wartung usw.) oder es besser w\u00e4re diese zu \u00e4ndern oder zu vergessen!<\/p>\n<p>Leben du hier das ganze Jahr \u00fcber oder kommen Sie nur f\u00fcr ein paar kurze Besuche. Gibt es gen\u00fcgend Budget f\u00fcr eine gute Instandhaltung danach, oder besser, um mit Materialien wie Steinen, Kies etc. zu bauen? Um die Wartung so gering wie m\u00f6glich zu halten?<\/p>\n<p>Wir haben viele Ideen, Dokumentationen und Fotos, die Sie in die richtige Richtung beraten, immer mit der M\u00f6glichkeit, Ihre W\u00fcnsche hinzuzuf\u00fcgen.<\/p>\n<p>Wir werden Ihnen immer im ersten Jahr eine kostenlose Wartung geben, so dass alle \u00c4nderungen und Verbesserungen innerhalb dieser Zeit durchgef\u00fchrt werden k\u00f6nnen.<\/p>\n<p>Ein Bew\u00e4sserungssystem wird auf nat\u00fcrliche Weise installiert, Anti-Kraut-Decken werden in den mit Kies gef\u00fcllten Bereichen verwendet, und es werden nur umweltfreundliche Chemikalien zur Wartung verwendet.<\/p>\n<p>Wir versuchen auch, Ihnen keine tropischen W\u00e4lder anzubieten, wenn wir nicht genau wissen, woher sie kommen.<\/p>\n<p>Geben Sie uns eine Gelegenheit, Ihnen einen Kostenvoranschlag zu machen, bald werden wir eine spezielle Landschaftsarchitektur-Software verwenden, um Ihnen Ihre G\u00e4rten und Umgebungen so real wie m\u00f6glich zu gestalten!<\/p>\n<p>\u00dcbersetzt mit www.DeepL.com\/Translator<\/p>\n\n\t\t<style type=\"text\/css\">\n\t\t\t#gallery-1 {\n\t\t\t\tmargin: auto;\n\t\t\t}\n\t\t\t#gallery-1 .gallery-item {\n\t\t\t\tfloat: left;\n\t\t\t\tmargin-top: 10px;\n\t\t\t\ttext-align: center;\n\t\t\t\twidth: 33%;\n\t\t\t}\n\t\t\t#gallery-1 img {\n\t\t\t\tborder: 2px solid #cfcfcf;\n\t\t\t}\n\t\t\t#gallery-1 .gallery-caption {\n\t\t\t\tmargin-left: 0;\n\t\t\t}\n\t\t\t\/* see gallery_shortcode() in wp-includes\/media.php *\/\n\t\t<\/style>\n\t\t<div id='gallery-1' class='gallery galleryid-2344 gallery-columns-3 gallery-size-thumbnail'><dl class='gallery-item'>\n\t\t\t<dt class='gallery-icon landscape'>\n\t\t\t\t<a href='https:\/\/www.renovapool.com\/de\/renovation\/garden-planing\/attachment\/foto1-11-2\/'><img loading=\"lazy\" decoding=\"async\" width=\"150\" height=\"150\" src=\"https:\/\/www.renovapool.com\/wp-content\/uploads\/2012\/05\/foto1161-150x150.jpg\" class=\"attachment-thumbnail size-thumbnail\" alt=\"\" \/><\/a>\n\t\t\t<\/dt><\/dl><dl class='gallery-item'>\n\t\t\t<dt class='gallery-icon landscape'>\n\t\t\t\t<a href='https:\/\/www.renovapool.com\/de\/renovation\/garden-planing\/attachment\/foto2-10-2\/'><img loading=\"lazy\" decoding=\"async\" width=\"150\" height=\"150\" src=\"https:\/\/www.renovapool.com\/wp-content\/uploads\/2012\/05\/foto291-150x150.jpg\" class=\"attachment-thumbnail size-thumbnail\" alt=\"\" \/><\/a>\n\t\t\t<\/dt><\/dl><dl class='gallery-item'>\n\t\t\t<dt class='gallery-icon landscape'>\n\t\t\t\t<a href='https:\/\/www.renovapool.com\/de\/renovation\/garden-planing\/attachment\/foto3-10-2\/'><img loading=\"lazy\" decoding=\"async\" width=\"150\" height=\"150\" src=\"https:\/\/www.renovapool.com\/wp-content\/uploads\/2012\/05\/foto391-150x150.jpg\" class=\"attachment-thumbnail size-thumbnail\" alt=\"\" \/><\/a>\n\t\t\t<\/dt><\/dl><br style=\"clear: both\" \/><dl class='gallery-item'>\n\t\t\t<dt class='gallery-icon landscape'>\n\t\t\t\t<a href='https:\/\/www.renovapool.com\/de\/renovation\/garden-planing\/attachment\/foto4-8-2\/'><img loading=\"lazy\" decoding=\"async\" width=\"150\" height=\"150\" src=\"https:\/\/www.renovapool.com\/wp-content\/uploads\/2012\/05\/foto471-150x150.jpg\" class=\"attachment-thumbnail size-thumbnail\" alt=\"\" \/><\/a>\n\t\t\t<\/dt><\/dl><dl class='gallery-item'>\n\t\t\t<dt class='gallery-icon landscape'>\n\t\t\t\t<a href='https:\/\/www.renovapool.com\/de\/renovation\/garden-planing\/attachment\/foto5-10-2\/'><img loading=\"lazy\" decoding=\"async\" width=\"150\" height=\"150\" src=\"https:\/\/www.renovapool.com\/wp-content\/uploads\/2012\/05\/foto591-150x150.jpg\" class=\"attachment-thumbnail size-thumbnail\" alt=\"\" \/><\/a>\n\t\t\t<\/dt><\/dl><dl class='gallery-item'>\n\t\t\t<dt class='gallery-icon landscape'>\n\t\t\t\t<a href='https:\/\/www.renovapool.com\/de\/renovation\/garden-planing\/attachment\/foto6-7-2\/'><img loading=\"lazy\" decoding=\"async\" width=\"150\" height=\"150\" src=\"https:\/\/www.renovapool.com\/wp-content\/uploads\/2012\/05\/foto661-150x150.jpg\" class=\"attachment-thumbnail size-thumbnail\" alt=\"\" \/><\/a>\n\t\t\t<\/dt><\/dl><br style=\"clear: both\" \/><dl class='gallery-item'>\n\t\t\t<dt class='gallery-icon landscape'>\n\t\t\t\t<a href='https:\/\/www.renovapool.com\/de\/renovation\/garden-planing\/attachment\/foto7-6-2\/'><img loading=\"lazy\" decoding=\"async\" width=\"150\" height=\"150\" src=\"https:\/\/www.renovapool.com\/wp-content\/uploads\/2012\/05\/foto751-150x150.jpg\" class=\"attachment-thumbnail size-thumbnail\" alt=\"\" \/><\/a>\n\t\t\t<\/dt><\/dl><dl class='gallery-item'>\n\t\t\t<dt class='gallery-icon landscape'>\n\t\t\t\t<a href='https:\/\/www.renovapool.com\/de\/renovation\/garden-planing\/attachment\/foto8-6-2\/'><img loading=\"lazy\" decoding=\"async\" width=\"150\" height=\"150\" src=\"https:\/\/www.renovapool.com\/wp-content\/uploads\/2012\/05\/foto851-150x150.jpg\" class=\"attachment-thumbnail size-thumbnail\" alt=\"\" \/><\/a>\n\t\t\t<\/dt><\/dl><dl class='gallery-item'>\n\t\t\t<dt class='gallery-icon landscape'>\n\t\t\t\t<a href='https:\/\/www.renovapool.com\/de\/renovation\/garden-planing\/attachment\/foto9-6-2\/'><img loading=\"lazy\" decoding=\"async\" width=\"150\" height=\"150\" src=\"https:\/\/www.renovapool.com\/wp-content\/uploads\/2012\/05\/foto951-150x150.jpg\" class=\"attachment-thumbnail size-thumbnail\" alt=\"\" \/><\/a>\n\t\t\t<\/dt><\/dl><br style=\"clear: both\" \/><dl class='gallery-item'>\n\t\t\t<dt class='gallery-icon landscape'>\n\t\t\t\t<a href='https:\/\/www.renovapool.com\/de\/renovation\/garden-planing\/attachment\/foto10-6-2\/'><img loading=\"lazy\" decoding=\"async\" width=\"150\" height=\"150\" src=\"https:\/\/www.renovapool.com\/wp-content\/uploads\/2012\/05\/foto1051-150x150.jpg\" class=\"attachment-thumbnail size-thumbnail\" alt=\"\" \/><\/a>\n\t\t\t<\/dt><\/dl><dl class='gallery-item'>\n\t\t\t<dt class='gallery-icon landscape'>\n\t\t\t\t<a href='https:\/\/www.renovapool.com\/de\/renovation\/garden-planing\/attachment\/foto11-6-2\/'><img loading=\"lazy\" decoding=\"async\" width=\"150\" height=\"150\" src=\"https:\/\/www.renovapool.com\/wp-content\/uploads\/2012\/05\/foto1171-150x150.jpg\" class=\"attachment-thumbnail size-thumbnail\" alt=\"\" \/><\/a>\n\t\t\t<\/dt><\/dl><dl class='gallery-item'>\n\t\t\t<dt class='gallery-icon landscape'>\n\t\t\t\t<a href='https:\/\/www.renovapool.com\/de\/renovation\/garden-planing\/attachment\/foto12-5-2\/'><img loading=\"lazy\" decoding=\"async\" width=\"150\" height=\"150\" src=\"https:\/\/www.renovapool.com\/wp-content\/uploads\/2012\/05\/foto1241-150x150.jpg\" class=\"attachment-thumbnail size-thumbnail\" alt=\"\" \/><\/a>\n\t\t\t<\/dt><\/dl><br style=\"clear: both\" \/>\n\t\t<\/div>\n\n<p>&nbsp;<\/p>\n<p><!--:--><!--:de--><!--:--><\/p>\n","protected":false},"excerpt":{"rendered":"<p>Sie sind vermutlich auf diesem Abschnitt, weil Sie nicht mit der Gartenanlage zufrieden sind, die Sie im Moment haben. Oder Sie haben gerade erst Ihren Bau abgeschlossen und m\u00fcssen jetzt die Schokoladenseite Ihres Hauses machen! Um die Landschaftsgestaltung zu machen, glauben wir, dass es wichtig ist, mit einem erfahrenen Profi&#8230;<\/p>\n","protected":false},"author":2,"featured_media":0,"parent":2264,"menu_order":0,"comment_status":"closed","ping_status":"closed","template":"","meta":{"footnotes":""},"class_list":["post-2344","page","type-page","status-publish","hentry"],"_links":{"self":[{"href":"https:\/\/www.renovapool.com\/de\/wp-json\/wp\/v2\/pages\/2344","targetHints":{"allow":["GET"]}}],"collection":[{"href":"https:\/\/www.renovapool.com\/de\/wp-json\/wp\/v2\/pages"}],"about":[{"href":"https:\/\/www.renovapool.com\/de\/wp-json\/wp\/v2\/types\/page"}],"author":[{"embeddable":true,"href":"https:\/\/www.renovapool.com\/de\/wp-json\/wp\/v2\/users\/2"}],"replies":[{"embeddable":true,"href":"https:\/\/www.renovapool.com\/de\/wp-json\/wp\/v2\/comments?post=2344"}],"version-history":[{"count":4,"href":"https:\/\/www.renovapool.com\/de\/wp-json\/wp\/v2\/pages\/2344\/revisions"}],"predecessor-version":[{"id":2528,"href":"https:\/\/www.renovapool.com\/de\/wp-json\/wp\/v2\/pages\/2344\/revisions\/2528"}],"up":[{"embeddable":true,"href":"https:\/\/www.renovapool.com\/de\/wp-json\/wp\/v2\/pages\/2264"}],"wp:attachment":[{"href":"https:\/\/www.renovapool.com\/de\/wp-json\/wp\/v2\/media?parent=2344"}],"curies":[{"name":"wp","href":"https:\/\/api.w.org\/{rel}","templated":true}]}}