{"id":2264,"date":"2012-05-16T15:40:43","date_gmt":"2012-05-16T15:40:43","guid":{"rendered":"http:\/\/renovapool.com\/renovation\/"},"modified":"2021-10-18T17:33:44","modified_gmt":"2021-10-18T15:33:44","slug":"renovation","status":"publish","type":"page","link":"https:\/\/www.renovapool.com\/de\/renovation\/","title":{"rendered":"Schwimmbad\/Pool Sanierung"},"content":{"rendered":"<p>&nbsp;<\/p>\n<p>Es gibt viele Gr\u00fcnde, sein Schwimmbad zu renovieren. Bei den h\u00e4ufigsten Kundenw\u00fcnschen, die an uns herangetragen werden, handelt es sich um Sch\u00e4den, die zu Wasserverlust f\u00fchren.<\/p>\n<p>Dies kann zum einen am Becken selber liegen &#8211; meist die Region um die Scheinwerfer, Bodenabl\u00e4ufe etc herum &#8211; oder im schlimmsten Fall hat die ganze Konstruktion 1 oder mehrere Risse! Dann empfehlen wir meistens eine Grundsanierung mit PCV-Folien.<\/p>\n<p>Aber nicht nur technische M\u00e4ngel, sondern einfach die Tatsache, das einem sein Schwimmbad nicht mehr gef\u00e4llt, zu langweilig ist, einfach nicht mehr zum Schwimmen oder Relaxen einl\u00e4dt, veranl\u00e4sst zu Renovierungen bzw. \u00c4nderungen.<\/p>\n<p>Vorschl\u00e4ge zur Versch\u00f6nerung, zum Aufpeppen durch bauliche Massnahmen wie Treppen, Wasserf\u00e4lle, Massaged\u00fcsen und etliches mehr sind ein grosser Bestandteil unseres Angebotes!<br \/>\nDamit Ihr Schwimmbad wieder der Vorzeigepunkt und Stolz Ihres Objektes wird!<\/p>\n<p><!--:--><!--:de--><\/p>\n<p><a href=\"http:\/\/www.renovapool.com\/wp-content\/uploads\/2021\/07\/WhatsApp-Image-2021-07-06-at-17.25.01.jpeg\"><img loading=\"lazy\" decoding=\"async\" class=\"alignnone size-medium wp-image-4286\" src=\"http:\/\/www.renovapool.com\/wp-content\/uploads\/2021\/07\/WhatsApp-Image-2021-07-06-at-17.25.01-241x300.jpeg\" alt=\"\" width=\"241\" height=\"300\" srcset=\"https:\/\/www.renovapool.com\/wp-content\/uploads\/2021\/07\/WhatsApp-Image-2021-07-06-at-17.25.01-241x300.jpeg 241w, https:\/\/www.renovapool.com\/wp-content\/uploads\/2021\/07\/WhatsApp-Image-2021-07-06-at-17.25.01-768x957.jpeg 768w, https:\/\/www.renovapool.com\/wp-content\/uploads\/2021\/07\/WhatsApp-Image-2021-07-06-at-17.25.01.jpeg 822w, https:\/\/www.renovapool.com\/wp-content\/uploads\/2021\/07\/WhatsApp-Image-2021-07-06-at-17.25.01-487x607.jpeg 487w\" sizes=\"auto, (max-width: 241px) 100vw, 241px\" \/><\/a><\/p>\n<p><a href=\"http:\/\/www.renovapool.com\/wp-content\/uploads\/2021\/05\/WhatsApp-Image-2021-05-01-at-18.27.22.jpeg\"><img loading=\"lazy\" decoding=\"async\" class=\"alignnone wp-image-4256\" src=\"http:\/\/www.renovapool.com\/wp-content\/uploads\/2021\/05\/WhatsApp-Image-2021-05-01-at-18.27.22-300x225.jpeg\" alt=\"\" width=\"255\" height=\"191\" srcset=\"https:\/\/www.renovapool.com\/wp-content\/uploads\/2021\/05\/WhatsApp-Image-2021-05-01-at-18.27.22-300x225.jpeg 300w, https:\/\/www.renovapool.com\/wp-content\/uploads\/2021\/05\/WhatsApp-Image-2021-05-01-at-18.27.22-768x576.jpeg 768w, https:\/\/www.renovapool.com\/wp-content\/uploads\/2021\/05\/WhatsApp-Image-2021-05-01-at-18.27.22-1024x768.jpeg 1024w, https:\/\/www.renovapool.com\/wp-content\/uploads\/2021\/05\/WhatsApp-Image-2021-05-01-at-18.27.22-810x607.jpeg 810w, https:\/\/www.renovapool.com\/wp-content\/uploads\/2021\/05\/WhatsApp-Image-2021-05-01-at-18.27.22.jpeg 1280w\" sizes=\"auto, (max-width: 255px) 100vw, 255px\" \/><\/a><\/p>\n<p><a href=\"http:\/\/www.renovapool.com\/wp-content\/uploads\/2021\/03\/WhatsApp-Image-2021-03-30-at-22.40.54-1.jpeg\"><img loading=\"lazy\" decoding=\"async\" class=\"alignnone size-medium wp-image-4176\" src=\"http:\/\/www.renovapool.com\/wp-content\/uploads\/2021\/03\/WhatsApp-Image-2021-03-30-at-22.40.54-1-225x300.jpeg\" alt=\"\" width=\"225\" height=\"300\" srcset=\"https:\/\/www.renovapool.com\/wp-content\/uploads\/2021\/03\/WhatsApp-Image-2021-03-30-at-22.40.54-1-225x300.jpeg 225w, https:\/\/www.renovapool.com\/wp-content\/uploads\/2021\/03\/WhatsApp-Image-2021-03-30-at-22.40.54-1-768x1024.jpeg 768w, https:\/\/www.renovapool.com\/wp-content\/uploads\/2021\/03\/WhatsApp-Image-2021-03-30-at-22.40.54-1-455x607.jpeg 455w, https:\/\/www.renovapool.com\/wp-content\/uploads\/2021\/03\/WhatsApp-Image-2021-03-30-at-22.40.54-1.jpeg 1536w\" sizes=\"auto, (max-width: 225px) 100vw, 225px\" \/><\/a><\/p>\n<p><a href=\"http:\/\/www.renovapool.com\/wp-content\/uploads\/2021\/01\/o3.jpg\"><img loading=\"lazy\" decoding=\"async\" class=\"alignnone wp-image-3580\" src=\"http:\/\/www.renovapool.com\/wp-content\/uploads\/2021\/01\/o3.jpg\" alt=\"\" width=\"224\" height=\"224\" srcset=\"https:\/\/www.renovapool.com\/wp-content\/uploads\/2021\/01\/o3.jpg 150w, https:\/\/www.renovapool.com\/wp-content\/uploads\/2021\/01\/o3-119x120.jpg 119w, https:\/\/www.renovapool.com\/wp-content\/uploads\/2021\/01\/o3-55x55.jpg 55w, https:\/\/www.renovapool.com\/wp-content\/uploads\/2021\/01\/o3-70x70.jpg 70w, https:\/\/www.renovapool.com\/wp-content\/uploads\/2021\/01\/o3-114x114.jpg 114w\" sizes=\"auto, (max-width: 224px) 100vw, 224px\" \/><\/a><\/p>\n<p><a href=\"http:\/\/www.renovapool.com\/wp-content\/uploads\/2021\/01\/capblanc2-1.jpg\"><img loading=\"lazy\" decoding=\"async\" class=\"alignnone size-medium wp-image-3316\" src=\"http:\/\/www.renovapool.com\/wp-content\/uploads\/2021\/01\/capblanc2-1-225x300.jpg\" alt=\"\" width=\"225\" height=\"300\" \/><\/a><\/p>\n<p><a href=\"http:\/\/www.renovapool.com\/wp-content\/uploads\/2019\/11\/rafolrevestech2.jpg\"><img loading=\"lazy\" decoding=\"async\" class=\"alignnone wp-image-2843\" src=\"http:\/\/www.renovapool.com\/wp-content\/uploads\/2019\/11\/rafolrevestech2-300x225.jpg\" alt=\"\" width=\"273\" height=\"205\" srcset=\"https:\/\/www.renovapool.com\/wp-content\/uploads\/2019\/11\/rafolrevestech2-300x225.jpg 300w, https:\/\/www.renovapool.com\/wp-content\/uploads\/2019\/11\/rafolrevestech2-768x576.jpg 768w, https:\/\/www.renovapool.com\/wp-content\/uploads\/2019\/11\/rafolrevestech2-1024x768.jpg 1024w, https:\/\/www.renovapool.com\/wp-content\/uploads\/2019\/11\/rafolrevestech2-810x607.jpg 810w, https:\/\/www.renovapool.com\/wp-content\/uploads\/2019\/11\/rafolrevestech2.jpg 2048w\" sizes=\"auto, (max-width: 273px) 100vw, 273px\" \/><\/a><\/p>\n<p>&nbsp;<\/p>\n<p><a href=\"http:\/\/www.renovapool.com\/wp-content\/uploads\/2021\/03\/WhatsApp-Image-2021-03-30-at-22.50.55-1.jpeg\"><img loading=\"lazy\" decoding=\"async\" class=\"alignnone size-medium wp-image-4131\" src=\"http:\/\/www.renovapool.com\/wp-content\/uploads\/2021\/03\/WhatsApp-Image-2021-03-30-at-22.50.55-1-225x300.jpeg\" alt=\"\" width=\"225\" height=\"300\" srcset=\"https:\/\/www.renovapool.com\/wp-content\/uploads\/2021\/03\/WhatsApp-Image-2021-03-30-at-22.50.55-1-225x300.jpeg 225w, https:\/\/www.renovapool.com\/wp-content\/uploads\/2021\/03\/WhatsApp-Image-2021-03-30-at-22.50.55-1-768x1024.jpeg 768w, https:\/\/www.renovapool.com\/wp-content\/uploads\/2021\/03\/WhatsApp-Image-2021-03-30-at-22.50.55-1-455x607.jpeg 455w, https:\/\/www.renovapool.com\/wp-content\/uploads\/2021\/03\/WhatsApp-Image-2021-03-30-at-22.50.55-1.jpeg 1536w\" sizes=\"auto, (max-width: 225px) 100vw, 225px\" \/><\/a><\/p>\n<p><a href=\"http:\/\/www.renovapool.com\/wp-content\/uploads\/2021\/01\/s2-1.jpg\"><img loading=\"lazy\" decoding=\"async\" class=\"alignnone size-medium wp-image-3709\" src=\"http:\/\/www.renovapool.com\/wp-content\/uploads\/2021\/01\/s2-1-300x228.jpg\" alt=\"\" width=\"300\" height=\"228\" \/><\/a><\/p>\n<p>&nbsp;<\/p>\n<p><!--:--><\/p>\n","protected":false},"excerpt":{"rendered":"<p>&nbsp; Es gibt viele Gr\u00fcnde, sein Schwimmbad zu renovieren. Bei den h\u00e4ufigsten Kundenw\u00fcnschen, die an uns herangetragen werden, handelt es sich um Sch\u00e4den, die zu Wasserverlust f\u00fchren. Dies kann zum einen am Becken selber liegen &#8211; meist die Region um die Scheinwerfer, Bodenabl\u00e4ufe etc herum &#8211; oder im schlimmsten Fall&#8230;<\/p>\n","protected":false},"author":2,"featured_media":0,"parent":0,"menu_order":0,"comment_status":"closed","ping_status":"closed","template":"","meta":{"footnotes":""},"class_list":["post-2264","page","type-page","status-publish","hentry"],"_links":{"self":[{"href":"https:\/\/www.renovapool.com\/de\/wp-json\/wp\/v2\/pages\/2264","targetHints":{"allow":["GET"]}}],"collection":[{"href":"https:\/\/www.renovapool.com\/de\/wp-json\/wp\/v2\/pages"}],"about":[{"href":"https:\/\/www.renovapool.com\/de\/wp-json\/wp\/v2\/types\/page"}],"author":[{"embeddable":true,"href":"https:\/\/www.renovapool.com\/de\/wp-json\/wp\/v2\/users\/2"}],"replies":[{"embeddable":true,"href":"https:\/\/www.renovapool.com\/de\/wp-json\/wp\/v2\/comments?post=2264"}],"version-history":[{"count":7,"href":"https:\/\/www.renovapool.com\/de\/wp-json\/wp\/v2\/pages\/2264\/revisions"}],"predecessor-version":[{"id":4316,"href":"https:\/\/www.renovapool.com\/de\/wp-json\/wp\/v2\/pages\/2264\/revisions\/4316"}],"wp:attachment":[{"href":"https:\/\/www.renovapool.com\/de\/wp-json\/wp\/v2\/media?parent=2264"}],"curies":[{"name":"wp","href":"https:\/\/api.w.org\/{rel}","templated":true}]}}