{"id":2254,"date":"2012-05-16T14:46:02","date_gmt":"2012-05-16T14:46:02","guid":{"rendered":"http:\/\/renovapool.com\/pool-maintenance\/"},"modified":"2020-03-25T11:22:42","modified_gmt":"2020-03-25T10:22:42","slug":"pool-maintenance","status":"publish","type":"page","link":"https:\/\/www.renovapool.com\/de\/pool-maintenance\/","title":{"rendered":"Schwimmbad \/ Pool Pflege"},"content":{"rendered":"<p>&nbsp;<\/p>\n<p>Wer hat eigentlich damit gerechnet, dass so ein eigenes <strong>Schwimmbad<\/strong> so viel Arbeit, Pflege, und manchmal auch Sorgen mit sich bringt? Das man auch eine sch\u00f6ne Summe investieren muss, um die Wasserqualit\u00e4t und das Drumherum (Filter, Pumpen, Umrandung etc.) in Schwung zu halten?<\/p>\n<p>Kennen Sie sich aus beim <strong>Alkalinwert, dem PH und der Desinfeccion?<\/strong> Haben Sie w\u00e4hrend der kurzen Zeiten die Sie hier sind, immer Lust und Laune, sich mit der Pflege zu besch\u00e4ftigen?<\/p>\n<p>Oder haben Sie jemanden der sich um Ihr Schwimmbad k\u00fcmmert, der aber eher ein Multitalent ist, der auch G\u00e4rten, Umbauten, Beh\u00f6rdeng\u00e4nge etc. macht?<\/p>\n<p>Oder haben Sie schon seit vielen Jahren Ihren Paco-Pepe-Pablo mit dem Sie Ihren 20 W\u00f6rter Spanisch-Wortschatz ausprobieren, und der Halt aus Gewohnheit ein bisschen durchsaugt und den Skimmer mit Chlor-Tabletten auff\u00fcllt?<\/p>\n<p><strong>Sollten Sie noch keinen Poolpfleger haben<\/strong>, oder Ihr Multitalent gegen einen Profi austauschen wollen, dann sind Sie bei uns hier an der richtigen Addresse.<\/p>\n<p><strong>Unser Team besteht aus Experten<\/strong>, die seit 13 Jahren an der K\u00fcste t\u00e4tig sind, die neben der normalen Pflege auch etwas von Salzelektrolysen, Ozon-Anlagen, Aktiv-Sauerstoff Kontrollen und Ultravioletten-Lampen verstehen.<\/p>\n<p>Die auch ohne Probleme Filter, Pumpen, Scheinwerfer etc. austauschen k\u00f6nnen, und denen Ihre Wasserqualit\u00e4t am Herzen liegt.<\/p>\n<p><strong>Was beinhaltet unsere Poolpflege?<\/strong><\/p>\n<ol>\n<li><span class=\"tlid-translation translation\" lang=\"de\" tabindex=\"-1\"><span class=\"\" title=\"\">Beckenbodenabsaugung.<\/span><\/span><\/li>\n<li><span class=\"tlid-translation translation\" lang=\"de\" tabindex=\"-1\"><span class=\"\" title=\"\">Reinigung der Wasseroberfl\u00e4che.<\/span><\/span><\/li>\n<li><span class=\"tlid-translation translation\" lang=\"de\" tabindex=\"-1\"><span class=\"\" title=\"\">B\u00fcrsten der Wasserlinie und W\u00e4nde.<\/span><\/span><\/li>\n<li><span class=\"tlid-translation translation\" lang=\"de\" tabindex=\"-1\"><span class=\"\" title=\"\">Reinigung von Skimmern und Filtern.<\/span><\/span><\/li>\n<li><span class=\"tlid-translation translation\" lang=\"de\" tabindex=\"-1\"><span class=\"\" title=\"\">Analyse des Chlor, PH und Alkalinwertes<\/span><\/span><\/li>\n<li><span class=\"tlid-translation translation\" lang=\"de\" tabindex=\"-1\"><span class=\"\" title=\"\">Geeignete chemische Behandlung<\/span><\/span><\/li>\n<li><span class=\"tlid-translation translation\" lang=\"de\" tabindex=\"-1\"><span class=\"\" title=\"\">Kontrollieren des Wasserstandes<\/span><\/span><\/li>\n<li><span class=\"tlid-translation translation\" lang=\"de\" tabindex=\"-1\"><span class=\"\" title=\"\">Programmierung der Filtrationszeiten.<\/span><\/span><\/li>\n<li>Wir machen auch gerne einen Rundgang ums Haus, oder L\u00fcften w\u00e4hrend wir am reinigen sind, und erstatten Bericht falls uns etwas auff\u00e4llt<\/li>\n<\/ol>\n<p>Wir betreuen Schwimmb\u00e4der an der Costa Blanca von Denia im Norden, bis Calpe im S\u00fcden, auch gerne im Inland der Marina Alta<\/p>\n<p>Unsere Preise sind Richt-Preise, nach eingehender Besichtigung koennen wir den Arbeits- und Kosten Aufwand genau sch\u00e4tzen, und Ihnen ein korrektes Angebot unterbreiten.<\/p>\n<p><strong>Hier unsere Richtpreise:<\/strong><\/p>\n<p><strong>8&#215;4 mit Chlor Euros 65.&#8211; im Monat, w\u00f6chentlich, 2x im Sommer<\/strong><\/p>\n<p><strong>8&#215;4 mit Salzelektrolyse 60.&#8211; im Monat, w\u00f6chentlich, 2x im Sommer<\/strong><\/p>\n<p><strong>10&#215;5 mit Chlor Euros 80.&#8211; im Monat, w\u00f6chentlich, 2x im Sommer<\/strong><\/p>\n<p><strong>10&#215;5 mit Salzelektrolyse 80.&#8211; im Monat, w\u00f6chentlich, 2x im Sommer<\/strong><\/p>\n<p><strong>groessere Becken um 100.&#8211; Euro, genaueres nach Besichtigung!<\/strong><\/p>\n<p>Wir betreuen auch Teilzeit, sollten Sie den Pool im Winter mit einer adequaten Plane abdecken wollen, in Ihrer Anwesenheit sich selber darum kuemmern wollen, oder sonst eine Idee haben!<\/p>\n<p>Hier eine kleine Auswahl der Schwimmb\u00e4der die wir betreuen!<\/p>\n\n\t\t<style type=\"text\/css\">\n\t\t\t#gallery-1 {\n\t\t\t\tmargin: auto;\n\t\t\t}\n\t\t\t#gallery-1 .gallery-item {\n\t\t\t\tfloat: left;\n\t\t\t\tmargin-top: 10px;\n\t\t\t\ttext-align: center;\n\t\t\t\twidth: 33%;\n\t\t\t}\n\t\t\t#gallery-1 img {\n\t\t\t\tborder: 2px solid #cfcfcf;\n\t\t\t}\n\t\t\t#gallery-1 .gallery-caption {\n\t\t\t\tmargin-left: 0;\n\t\t\t}\n\t\t\t\/* see gallery_shortcode() in wp-includes\/media.php *\/\n\t\t<\/style>\n\t\t<div id='gallery-1' class='gallery galleryid-2254 gallery-columns-3 gallery-size-thumbnail'><dl class='gallery-item'>\n\t\t\t<dt class='gallery-icon landscape'>\n\t\t\t\t<a href='https:\/\/www.renovapool.com\/wp-content\/uploads\/2012\/05\/foto96.jpg'><img loading=\"lazy\" decoding=\"async\" width=\"150\" height=\"150\" src=\"https:\/\/www.renovapool.com\/wp-content\/uploads\/2012\/05\/foto96-150x150.jpg\" class=\"attachment-thumbnail size-thumbnail\" alt=\"\" \/><\/a>\n\t\t\t<\/dt><\/dl><dl class='gallery-item'>\n\t\t\t<dt class='gallery-icon landscape'>\n\t\t\t\t<a href='https:\/\/www.renovapool.com\/wp-content\/uploads\/2012\/05\/foto106.jpg'><img loading=\"lazy\" decoding=\"async\" width=\"150\" height=\"150\" src=\"https:\/\/www.renovapool.com\/wp-content\/uploads\/2012\/05\/foto106-150x150.jpg\" class=\"attachment-thumbnail size-thumbnail\" alt=\"\" \/><\/a>\n\t\t\t<\/dt><\/dl><dl class='gallery-item'>\n\t\t\t<dt class='gallery-icon landscape'>\n\t\t\t\t<a href='https:\/\/www.renovapool.com\/wp-content\/uploads\/2012\/05\/foto119.jpg'><img loading=\"lazy\" decoding=\"async\" width=\"150\" height=\"150\" src=\"https:\/\/www.renovapool.com\/wp-content\/uploads\/2012\/05\/foto119-150x150.jpg\" class=\"attachment-thumbnail size-thumbnail\" alt=\"\" \/><\/a>\n\t\t\t<\/dt><\/dl><br style=\"clear: both\" \/><dl class='gallery-item'>\n\t\t\t<dt class='gallery-icon landscape'>\n\t\t\t\t<a href='https:\/\/www.renovapool.com\/wp-content\/uploads\/2012\/05\/foto125.jpg'><img loading=\"lazy\" decoding=\"async\" width=\"150\" height=\"150\" src=\"https:\/\/www.renovapool.com\/wp-content\/uploads\/2012\/05\/foto125-150x150.jpg\" class=\"attachment-thumbnail size-thumbnail\" alt=\"\" \/><\/a>\n\t\t\t<\/dt><\/dl><dl class='gallery-item'>\n\t\t\t<dt class='gallery-icon landscape'>\n\t\t\t\t<a href='https:\/\/www.renovapool.com\/wp-content\/uploads\/2012\/05\/foto132.jpg'><img loading=\"lazy\" decoding=\"async\" width=\"150\" height=\"150\" src=\"https:\/\/www.renovapool.com\/wp-content\/uploads\/2012\/05\/foto132-150x150.jpg\" class=\"attachment-thumbnail size-thumbnail\" alt=\"\" \/><\/a>\n\t\t\t<\/dt><\/dl><dl class='gallery-item'>\n\t\t\t<dt class='gallery-icon landscape'>\n\t\t\t\t<a href='https:\/\/www.renovapool.com\/wp-content\/uploads\/2012\/05\/foto210.jpg'><img loading=\"lazy\" decoding=\"async\" width=\"150\" height=\"150\" src=\"https:\/\/www.renovapool.com\/wp-content\/uploads\/2012\/05\/foto210-150x150.jpg\" class=\"attachment-thumbnail size-thumbnail\" alt=\"\" \/><\/a>\n\t\t\t<\/dt><\/dl><br style=\"clear: both\" \/><dl class='gallery-item'>\n\t\t\t<dt class='gallery-icon landscape'>\n\t\t\t\t<a href='https:\/\/www.renovapool.com\/wp-content\/uploads\/2012\/05\/foto310.jpg'><img loading=\"lazy\" decoding=\"async\" width=\"150\" height=\"150\" src=\"https:\/\/www.renovapool.com\/wp-content\/uploads\/2012\/05\/foto310-150x150.jpg\" class=\"attachment-thumbnail size-thumbnail\" alt=\"\" \/><\/a>\n\t\t\t<\/dt><\/dl><dl class='gallery-item'>\n\t\t\t<dt class='gallery-icon landscape'>\n\t\t\t\t<a href='https:\/\/www.renovapool.com\/wp-content\/uploads\/2012\/05\/foto48.jpg'><img loading=\"lazy\" decoding=\"async\" width=\"150\" height=\"150\" src=\"https:\/\/www.renovapool.com\/wp-content\/uploads\/2012\/05\/foto48-150x150.jpg\" class=\"attachment-thumbnail size-thumbnail\" alt=\"\" \/><\/a>\n\t\t\t<\/dt><\/dl><dl class='gallery-item'>\n\t\t\t<dt class='gallery-icon landscape'>\n\t\t\t\t<a href='https:\/\/www.renovapool.com\/wp-content\/uploads\/2012\/05\/foto510.jpg'><img loading=\"lazy\" decoding=\"async\" width=\"150\" height=\"150\" src=\"https:\/\/www.renovapool.com\/wp-content\/uploads\/2012\/05\/foto510-150x150.jpg\" class=\"attachment-thumbnail size-thumbnail\" alt=\"\" \/><\/a>\n\t\t\t<\/dt><\/dl><br style=\"clear: both\" \/><dl class='gallery-item'>\n\t\t\t<dt class='gallery-icon landscape'>\n\t\t\t\t<a href='https:\/\/www.renovapool.com\/wp-content\/uploads\/2012\/05\/foto67.jpg'><img loading=\"lazy\" decoding=\"async\" width=\"150\" height=\"150\" src=\"https:\/\/www.renovapool.com\/wp-content\/uploads\/2012\/05\/foto67-150x150.jpg\" class=\"attachment-thumbnail size-thumbnail\" alt=\"\" \/><\/a>\n\t\t\t<\/dt><\/dl><dl class='gallery-item'>\n\t\t\t<dt class='gallery-icon landscape'>\n\t\t\t\t<a href='https:\/\/www.renovapool.com\/wp-content\/uploads\/2012\/05\/foto76.jpg'><img loading=\"lazy\" decoding=\"async\" width=\"150\" height=\"150\" src=\"https:\/\/www.renovapool.com\/wp-content\/uploads\/2012\/05\/foto76-150x150.jpg\" class=\"attachment-thumbnail size-thumbnail\" alt=\"\" \/><\/a>\n\t\t\t<\/dt><\/dl><dl class='gallery-item'>\n\t\t\t<dt class='gallery-icon landscape'>\n\t\t\t\t<a href='https:\/\/www.renovapool.com\/wp-content\/uploads\/2012\/05\/foto86.jpg'><img loading=\"lazy\" decoding=\"async\" width=\"150\" height=\"150\" src=\"https:\/\/www.renovapool.com\/wp-content\/uploads\/2012\/05\/foto86-150x150.jpg\" class=\"attachment-thumbnail size-thumbnail\" alt=\"\" \/><\/a>\n\t\t\t<\/dt><\/dl><br style=\"clear: both\" \/>\n\t\t<\/div>\n\n<p>&nbsp;<\/p>\n<p><!--:--><\/p>\n","protected":false},"excerpt":{"rendered":"<p>&nbsp; Wer hat eigentlich damit gerechnet, dass so ein eigenes Schwimmbad so viel Arbeit, Pflege, und manchmal auch Sorgen mit sich bringt? Das man auch eine sch\u00f6ne Summe investieren muss, um die Wasserqualit\u00e4t und das Drumherum (Filter, Pumpen, Umrandung etc.) in Schwung zu halten? Kennen Sie sich aus beim Alkalinwert,&#8230;<\/p>\n","protected":false},"author":2,"featured_media":0,"parent":0,"menu_order":0,"comment_status":"closed","ping_status":"closed","template":"","meta":{"footnotes":""},"class_list":["post-2254","page","type-page","status-publish","hentry"],"_links":{"self":[{"href":"https:\/\/www.renovapool.com\/de\/wp-json\/wp\/v2\/pages\/2254","targetHints":{"allow":["GET"]}}],"collection":[{"href":"https:\/\/www.renovapool.com\/de\/wp-json\/wp\/v2\/pages"}],"about":[{"href":"https:\/\/www.renovapool.com\/de\/wp-json\/wp\/v2\/types\/page"}],"author":[{"embeddable":true,"href":"https:\/\/www.renovapool.com\/de\/wp-json\/wp\/v2\/users\/2"}],"replies":[{"embeddable":true,"href":"https:\/\/www.renovapool.com\/de\/wp-json\/wp\/v2\/comments?post=2254"}],"version-history":[{"count":6,"href":"https:\/\/www.renovapool.com\/de\/wp-json\/wp\/v2\/pages\/2254\/revisions"}],"predecessor-version":[{"id":3167,"href":"https:\/\/www.renovapool.com\/de\/wp-json\/wp\/v2\/pages\/2254\/revisions\/3167"}],"wp:attachment":[{"href":"https:\/\/www.renovapool.com\/de\/wp-json\/wp\/v2\/media?parent=2254"}],"curies":[{"name":"wp","href":"https:\/\/api.w.org\/{rel}","templated":true}]}}