{"id":2211,"date":"2018-11-25T18:24:23","date_gmt":"2018-11-25T17:24:23","guid":{"rendered":"http:\/\/renovapool.com\/?page_id=2211"},"modified":"2020-01-06T19:49:40","modified_gmt":"2020-01-06T18:49:40","slug":"hallo-und-willkommen","status":"publish","type":"page","link":"https:\/\/www.renovapool.com\/de\/hallo-und-willkommen\/","title":{"rendered":"Willkommen"},"content":{"rendered":"<p>Es tut uns leid, Sie auf unserer Website begr\u00fc\u00dfen zu d\u00fcrfen! Ja, Sie verstehtehen richtig. Denn Siebesuchen h\u00f6chstwahrscheinlich unsere Seite , weil Sie ein Problem haben!<\/p>\n<p>Viele haben Probleme!<\/p>\n<p>Probleme, weil ihr Swimming Pool Wasser verliert.<br \/>\nProbleme, weil sie gerne w\u00e4rmeres Wasser zum Schwimmen h\u00e4tten.<br \/>\nProbleme, weil sie mit ihrem Pool Pfleger nicht zufrieden sind.<br \/>\nProbleme, weil sie Schwierigkeiten mit der Reinigung und Desinfektion des Wassers haben.<br \/>\nProbleme, weil ihr Pool nicht mehr sch\u00f6n aussieht oder sogar ein Risiko f\u00fcr ihre Gesundheit darstellen.<br \/>\nProbleme, oder nennen wir sie besser Luxusprobleme, denn sie k\u00f6nnen sich nicht entscheiden, ob sie lieber eine finnische Sauna, ein Dampfbad oder eine Infrarotkabine kaufen sollen.<br \/>\nHerzlichen Gl\u00fcckwunsch &#8211; entweder sind Sie einer der wenigen Benutzer, die kein Problem haben &#8211; oder weil Sie jetzt einen kompetenten Partner gefunden haben, der Ihnen bei der L\u00f6sung Ihrer Probleme helfen kann!<\/p>\n<p><a href=\"http:\/\/renovapool.com\/wp-content\/uploads\/2012\/05\/foto1101.jpg\"><img loading=\"lazy\" decoding=\"async\" class=\"alignnone size-medium wp-image-1329\" src=\"http:\/\/renovapool.com\/wp-content\/uploads\/2012\/05\/foto1101-300x225.jpg\" alt=\"\" width=\"300\" height=\"225\" srcset=\"https:\/\/www.renovapool.com\/wp-content\/uploads\/2012\/05\/foto1101-300x225.jpg 300w, https:\/\/www.renovapool.com\/wp-content\/uploads\/2012\/05\/foto1101.jpg 800w\" sizes=\"auto, (max-width: 300px) 100vw, 300px\" \/><\/a><\/p>\n<p>Wir sind ein Unternehmen, das dieses Jahr 15 Jahre Bestand gefeirt hat, und eine unserer Aufgaben ist es, nicht nur Geld zu verdienen (auch wenn es sehr schwer zu glauben ist!), nein, nein, wir m\u00f6chten Ihnen auch bei Ihren Problemen helfen und Sie mit all der Erfahrung beraten, die wir gesammelt haben. Und wenn wir glauben, dass Ihre Pl\u00e4ne (wie z.B. Solarheizung auf einem nach Norden ausgerichteten Dach, Poolreparaturen halb und halb usw.) keinen Sinn ergeben, werden wir dies Ihnen immer sagen&#8230;..<\/p>\n<p>Und das alles kostenlos!<\/p>\n<p>Denn Sie haben alle wahrscheinlich schon einmal schlechte Erfahrungen mit sogenannten &#8222;Profis&#8220; gemacht, die alles wissen und reparieren k\u00f6nnen.<br \/>\nUnd weil man aus seinen Fehlern lernt&#8230;.wir empfehlen Ihnen, mit Menschen zu arbeiten, die ihren Job verstehen!<\/p>\n<p>Wir glauben, dass wir das tun!<\/p>\n<p>Wir sind verschiedene Partner; einige von uns leben und arbeiten seit mehr als 20 Jahren an der Costa Blanca. Und sind in den Bereichen Schwimmbad, Solar- und konventionelle Heizung, Elektrik oder Wellness t\u00e4tig.<\/p>\n<p>Oder wie ich selbst, denn ich habe mein Wissen mehr von &#8222;Learning by doing&#8220; &#8211; Sie h\u00e4tten meinen Pool vor 18 Jahren sehen sollen, als er gebaut wurde (PH, Alkalinit\u00e4t oder Salzwassersystem waren damals nicht in meinem Vokabular&#8230;.)<\/p>\n<p>Aber ich habe in meinem Haus in Benissa so ziemlich alles verbaut was ich verkaufe, Solar, Salz Elektrolyse, Wasser Entkalker, Fussbodenheizung, W\u00e4rmepumpe, Kliamanlage und einen mit PVC Folie reparierten Swimming Pool&#8230;.<\/p>\n<p>Also wenn dann Hans Zitz, 646 581 740 anrufen, oder mail an hanszitz@gmail.com<\/p>\n","protected":false},"excerpt":{"rendered":"<p>Es tut uns leid, Sie auf unserer Website begr\u00fc\u00dfen zu d\u00fcrfen! Ja, Sie verstehtehen richtig. Denn Siebesuchen h\u00f6chstwahrscheinlich unsere Seite , weil Sie ein Problem haben! Viele haben Probleme! Probleme, weil ihr Swimming Pool Wasser verliert. Probleme, weil sie gerne w\u00e4rmeres Wasser zum Schwimmen h\u00e4tten. Probleme, weil sie mit ihrem&#8230;<\/p>\n","protected":false},"author":2,"featured_media":2213,"parent":0,"menu_order":-5,"comment_status":"closed","ping_status":"closed","template":"","meta":{"footnotes":""},"class_list":["post-2211","page","type-page","status-publish","has-post-thumbnail","hentry"],"_links":{"self":[{"href":"https:\/\/www.renovapool.com\/de\/wp-json\/wp\/v2\/pages\/2211","targetHints":{"allow":["GET"]}}],"collection":[{"href":"https:\/\/www.renovapool.com\/de\/wp-json\/wp\/v2\/pages"}],"about":[{"href":"https:\/\/www.renovapool.com\/de\/wp-json\/wp\/v2\/types\/page"}],"author":[{"embeddable":true,"href":"https:\/\/www.renovapool.com\/de\/wp-json\/wp\/v2\/users\/2"}],"replies":[{"embeddable":true,"href":"https:\/\/www.renovapool.com\/de\/wp-json\/wp\/v2\/comments?post=2211"}],"version-history":[{"count":5,"href":"https:\/\/www.renovapool.com\/de\/wp-json\/wp\/v2\/pages\/2211\/revisions"}],"predecessor-version":[{"id":3069,"href":"https:\/\/www.renovapool.com\/de\/wp-json\/wp\/v2\/pages\/2211\/revisions\/3069"}],"wp:featuredmedia":[{"embeddable":true,"href":"https:\/\/www.renovapool.com\/de\/wp-json\/wp\/v2\/media\/2213"}],"wp:attachment":[{"href":"https:\/\/www.renovapool.com\/de\/wp-json\/wp\/v2\/media?parent=2211"}],"curies":[{"name":"wp","href":"https:\/\/api.w.org\/{rel}","templated":true}]}}